{"id":10,"date":"2023-09-20T20:23:30","date_gmt":"2023-09-20T18:23:30","guid":{"rendered":"https:\/\/cadencedudesert.wordpress.com\/?page_id=10"},"modified":"2025-10-12T15:46:37","modified_gmt":"2025-10-12T13:46:37","slug":"qui-sommes-nous","status":"publish","type":"page","link":"https:\/\/cadencedudesert.com\/?page_id=10","title":{"rendered":"Qui Sommes nous ?"},"content":{"rendered":"\n<div class=\"wp-block-columns is-layout-flex wp-container-core-columns-is-layout-9d6595d7 wp-block-columns-is-layout-flex\">\n<div class=\"wp-block-column is-layout-flow wp-block-column-is-layout-flow\" style=\"flex-basis:33.33%\">\n<div class=\"wp-block-columns are-vertically-aligned-center is-layout-flex wp-container-core-columns-is-layout-9d6595d7 wp-block-columns-is-layout-flex\">\n<div class=\"wp-block-column is-vertically-aligned-center is-layout-flow wp-block-column-is-layout-flow\" style=\"flex-basis:100%\"><div class=\"wp-block-image\">\n<figure class=\"aligncenter size-large is-resized\"><img loading=\"lazy\" decoding=\"async\" width=\"1200\" height=\"1600\" src=\"https:\/\/cadencedudesert.files.wordpress.com\/2023\/09\/img-20230621-wa0027.jpg?w=768\" alt=\"\" class=\"wp-image-54\" style=\"aspect-ratio:0.75;width:236px;height:auto\" srcset=\"https:\/\/cadencedudesert.com\/wp-content\/uploads\/2023\/09\/img-20230621-wa0027.jpg 1200w, https:\/\/cadencedudesert.com\/wp-content\/uploads\/2023\/09\/img-20230621-wa0027-225x300.jpg 225w, https:\/\/cadencedudesert.com\/wp-content\/uploads\/2023\/09\/img-20230621-wa0027-768x1024.jpg 768w, https:\/\/cadencedudesert.com\/wp-content\/uploads\/2023\/09\/img-20230621-wa0027-1152x1536.jpg 1152w\" sizes=\"auto, (max-width: 709px) 85vw, (max-width: 909px) 67vw, (max-width: 1362px) 62vw, 840px\" \/><\/figure>\n<\/div><\/div>\n<\/div>\n\n\n\n<figure class=\"wp-block-image size-large\"><img loading=\"lazy\" decoding=\"async\" width=\"768\" height=\"1024\" src=\"http:\/\/cadencedudesert.com\/wp-content\/uploads\/2023\/12\/IMG-20231215-WA0016-2-768x1024.jpg\" alt=\"\" class=\"wp-image-1414\" srcset=\"https:\/\/cadencedudesert.com\/wp-content\/uploads\/2023\/12\/IMG-20231215-WA0016-2-768x1024.jpg 768w, https:\/\/cadencedudesert.com\/wp-content\/uploads\/2023\/12\/IMG-20231215-WA0016-2-225x300.jpg 225w, https:\/\/cadencedudesert.com\/wp-content\/uploads\/2023\/12\/IMG-20231215-WA0016-2-1152x1536.jpg 1152w, https:\/\/cadencedudesert.com\/wp-content\/uploads\/2023\/12\/IMG-20231215-WA0016-2.jpg 1200w\" sizes=\"auto, (max-width: 768px) 85vw, 768px\" \/><\/figure>\n<\/div>\n\n\n\n<div class=\"wp-block-column is-layout-flow wp-block-column-is-layout-flow\">\n<div class=\"wp-block-group is-vertical is-layout-flex wp-container-core-group-is-layout-8cf370e7 wp-block-group-is-layout-flex\">\n<p class=\"has-medium-brown-color has-text-color has-link-color wp-elements-67dd427e3ff74c9c8e6487e0b295e24d\" style=\"font-size:14px\">Cadence du d\u00e9sert est une entreprise touristique sp\u00e9cialis\u00e9e dans l\u2019organisation de voyages.<\/p>\n\n\n\n<p class=\"has-medium-brown-color has-text-color has-link-color wp-elements-f766176a097c5a0e92160f10cc14f2d7\" style=\"font-size:14px\">Nous souhaitons offrir des exp\u00e9riences uniques dans l\u2019un des paysages les plus magnifiques de la plan\u00e8te ; le d\u00e9sert.<\/p>\n\n\n\n<p class=\"has-medium-brown-color has-text-color has-link-color wp-elements-0984263d9d0165b89cef3a667f7ba011\" style=\"font-size:14px\">Notre \u00e9quipe organise des voyages sur mesure adapt\u00e9s \u00e0 vos int\u00e9r\u00eats et pr\u00e9f\u00e9rences individuels. Que vous recherchiez une exp\u00e9rience aventureuse, ou que vous pr\u00e9f\u00e9riez profiter de la splendeur du coucher de soleil, nous nous effor\u00e7ons de r\u00e9pondre \u00e0 toutes vos exigences.<\/p>\n\n\n\n<p class=\"has-medium-brown-color has-text-color has-link-color wp-elements-694631f6a33d880e848427113cefed3d\" style=\"font-size:14px\">Le trek, au sens de Cadence du d\u00e9sert, c\u2019est une mani\u00e8re respectueuse d\u2019envisager un voyage, 100% nature.<\/p>\n\n\n\n<p class=\"has-medium-brown-color has-text-color has-link-color wp-elements-8f2945e731002b3a46ba16e5d4d4705b\" style=\"font-size:14px\">Loin de la ville et du bruit, sans couverture internet o\u00f9 l\u2019on mange bio et o\u00f9 l\u2019on pr\u00e9pare tout nous-m\u00eame, c\u2019est une v\u00e9ritable d\u00e9marche \u00e9cotouristique accessible \u00e0 tous.<\/p>\n\n\n\n<p class=\"has-medium-brown-color has-text-color has-link-color wp-elements-2a74fce6de88324b9ce2ff3ba2e98a83\" style=\"font-size:14px\">Vous rencontrerez un peuple qui suscite l\u2019attachement, qui s\u2019\u00e9merveille des diff\u00e9rences et qui ressent des similitudes, vous trouverez un terrain d\u2019entente entre toutes les cultures humaines : c\u2019est ce qui nous rassemble en tant qu\u2019habitants d\u2019une m\u00eame plan\u00e8te.<\/p>\n\n\n\n<p class=\"has-medium-brown-color has-text-color has-link-color wp-elements-8d061916ccc457c171487a73cd1c33cc\" style=\"font-size:14px\">Choisir ce type de voyage donne plus d\u2019importance \u00e0 votre temps, profitez donc de la chance actuelle pour vous \u00e9loigner de la course et vivez l\u2019instant pr\u00e9sent<\/p>\n<\/div>\n<\/div>\n<\/div>\n\n\n\n<div class=\"wp-block-columns are-vertically-aligned-center is-layout-flex wp-container-core-columns-is-layout-9d6595d7 wp-block-columns-is-layout-flex\">\n<div class=\"wp-block-column is-vertically-aligned-center is-layout-flow wp-block-column-is-layout-flow\">\n<div class=\"wp-block-columns is-layout-flex wp-container-core-columns-is-layout-9d6595d7 wp-block-columns-is-layout-flex\">\n<div class=\"wp-block-column is-layout-flow wp-block-column-is-layout-flow\">\n<p class=\"has-dark-red-color has-text-color has-link-color has-medium-font-size wp-elements-68d1b13febb39186bea11a575adc8910\">Atmane<\/p>\n\n\n\n<div class=\"wp-block-columns is-layout-flex wp-container-core-columns-is-layout-9d6595d7 wp-block-columns-is-layout-flex\">\n<div class=\"wp-block-column is-layout-flow wp-block-column-is-layout-flow\" style=\"flex-basis:66.66%\">\n<figure class=\"wp-block-image size-large is-resized\"><img loading=\"lazy\" decoding=\"async\" width=\"1024\" height=\"683\" src=\"https:\/\/cadencedudesert.com\/wp-content\/uploads\/2025\/10\/IMG-20251006-WA0005-4-1024x683.jpg\" alt=\"\" class=\"wp-image-2283\" style=\"aspect-ratio:1.3333333333333333;width:315px;height:auto\" srcset=\"https:\/\/cadencedudesert.com\/wp-content\/uploads\/2025\/10\/IMG-20251006-WA0005-4-1024x683.jpg 1024w, https:\/\/cadencedudesert.com\/wp-content\/uploads\/2025\/10\/IMG-20251006-WA0005-4-300x200.jpg 300w, https:\/\/cadencedudesert.com\/wp-content\/uploads\/2025\/10\/IMG-20251006-WA0005-4-768x512.jpg 768w, https:\/\/cadencedudesert.com\/wp-content\/uploads\/2025\/10\/IMG-20251006-WA0005-4-1536x1024.jpg 1536w, https:\/\/cadencedudesert.com\/wp-content\/uploads\/2025\/10\/IMG-20251006-WA0005-4-1200x800.jpg 1200w, https:\/\/cadencedudesert.com\/wp-content\/uploads\/2025\/10\/IMG-20251006-WA0005-4.jpg 1599w\" sizes=\"auto, (max-width: 709px) 85vw, (max-width: 909px) 67vw, (max-width: 1362px) 62vw, 840px\" \/><\/figure>\n<\/div>\n\n\n\n<div class=\"wp-block-column is-layout-flow wp-block-column-is-layout-flow\" style=\"flex-basis:60%\">\n<p class=\"has-medium-brown-color has-text-color has-link-color wp-elements-7712921df40dec9dc49fcf7e01b59fbc\" style=\"font-size:15px\">Est n\u00e9 dans le d\u00e9sert et a acquis son exp\u00e9rience aupr\u00e8s de sa famille .<\/p>\n\n\n\n<p class=\"has-medium-brown-color has-text-color has-link-color wp-elements-18ed0192cdb95aafb364daa7cf2f3b3f\" style=\"font-size:15px\">Il a v\u00e9cu dans le d\u00e9sert et les treks lui permettent de continuer \u00e0 partager sa passion pour le d\u00e9sert.<\/p>\n\n\n\n<p class=\"has-medium-brown-color has-text-color has-link-color wp-elements-11dc4a2d122710c2ceafb9920fca78b7\" style=\"font-size:15px\">Il organise chaque trek avec attention, en s\u2019entourant d\u2019une \u00e9quipe exp\u00e9riment\u00e9e.<\/p>\n\n\n\n<p class=\"has-medium-brown-color has-text-color has-link-color wp-elements-6b4221b1537b18b310f20e6b84e92552\" style=\"font-size:15px\">Fort de 10 ans d\u2019exp\u00e9rience, il g\u00e8re l\u2019organisation d\u2019une excursion dans le d\u00e9sert et prend soin du confort de chacun et partage ses valeurs avec ses amis nomades. C\u2019est votre contact au Maroc.<\/p>\n<\/div>\n<\/div>\n\n\n\n<p class=\"has-dark-red-color has-text-color has-link-color has-medium-font-size wp-elements-b57a91d119e106fdabf93719f8c10733\">Pascale<\/p>\n\n\n\n<div class=\"wp-block-columns is-layout-flex wp-container-core-columns-is-layout-9d6595d7 wp-block-columns-is-layout-flex\">\n<div class=\"wp-block-column is-layout-flow wp-block-column-is-layout-flow\" style=\"flex-basis:33.33%\">\n<figure class=\"wp-block-image size-large is-resized\"><img loading=\"lazy\" decoding=\"async\" width=\"768\" height=\"1024\" src=\"http:\/\/cadencedudesert.com\/wp-content\/uploads\/2023\/12\/IMG20230219185802-768x1024.jpg\" alt=\"\" class=\"wp-image-1510\" style=\"width:197px;height:auto\" srcset=\"https:\/\/cadencedudesert.com\/wp-content\/uploads\/2023\/12\/IMG20230219185802-768x1024.jpg 768w, https:\/\/cadencedudesert.com\/wp-content\/uploads\/2023\/12\/IMG20230219185802-225x300.jpg 225w, https:\/\/cadencedudesert.com\/wp-content\/uploads\/2023\/12\/IMG20230219185802-1152x1536.jpg 1152w, https:\/\/cadencedudesert.com\/wp-content\/uploads\/2023\/12\/IMG20230219185802-1536x2048.jpg 1536w, https:\/\/cadencedudesert.com\/wp-content\/uploads\/2023\/12\/IMG20230219185802-1200x1600.jpg 1200w, https:\/\/cadencedudesert.com\/wp-content\/uploads\/2023\/12\/IMG20230219185802-scaled.jpg 1920w\" sizes=\"auto, (max-width: 768px) 85vw, 768px\" \/><\/figure>\n<\/div>\n\n\n\n<div class=\"wp-block-column is-layout-flow wp-block-column-is-layout-flow\" style=\"flex-basis:66.66%\">\n<p class=\"has-medium-brown-color has-text-color has-link-color wp-elements-5d568f5348084984ae67d0d43ce230e9\" style=\"font-size:14px\">Je suis votre premier contact en France.<\/p>\n\n\n\n<p class=\"has-medium-brown-color has-text-color has-link-color wp-elements-b3ef470a855c8f73a57e3c29af4d2ca0\" style=\"font-size:14px\">J\u2019ai d\u00e9couvert le d\u00e9sert marocain il y a quelques ann\u00e9es , ce lieu d\u00e9gage une atmosph\u00e8re paisible et magique, c\u2019est la joie d\u2019\u00eatre transport\u00e9e et accompagn\u00e9e avec bienveillance, se d\u00e9tendre et contempler la beaut\u00e9 \u00e9poustouflante qui nous entoure.<\/p>\n\n\n\n<p class=\"has-medium-brown-color has-text-color has-link-color wp-elements-c716bb3ff83c40fd31425271b5e0809f\" style=\"font-size:14px\">Ces exp\u00e9riences inoubliables me tiennent \u00e0 c\u0153ur de vous la faire partager.<\/p>\n\n\n\n<p class=\"has-medium-brown-color has-text-color has-link-color wp-elements-9d9689a292946888eb327295a380ff34\" style=\"font-size:14px\">Je suis \u00e0 votre \u00e9coute pour toutes questions et organiser votre voyage avec vous.<\/p>\n<\/div>\n<\/div>\n<\/div>\n<\/div>\n<\/div>\n<\/div>\n\n\n\n<p class=\"has-dark-red-color has-text-color has-medium-font-size\">Notre Equipe<\/p>\n\n\n\n<p class=\"has-medium-brown-color has-text-color has-link-color wp-elements-b66b80dc72d9d9448c1a71abe262545b\" style=\"font-size:15px\">Cadence du d\u00e9sert est n\u00e9e avec l\u2019envie de vous faire d\u00e9couvrir le sud marocain et son d\u00e9sert.<\/p>\n\n\n\n<p class=\"has-medium-brown-color has-text-color has-link-color wp-elements-a37549d97b80e22ed9b26a084ab7259a\" style=\"font-size:15px\">Une exp\u00e9rience b\u00e9douine et authentique.<\/p>\n\n\n\n<p class=\"has-medium-brown-color has-text-color has-link-color wp-elements-ae4b6270580098045df6e48315dda10f\" style=\"font-size:15px\">Toute l\u2019\u00e9quipe de Cadence du d\u00e9sert, a une grande connaissance des traditions nomades.<\/p>\n\n\n\n<p class=\"has-medium-brown-color has-text-color has-link-color wp-elements-5e30dacd9f2c1072d886d4a1296586d6\" style=\"font-size:15px\">Guides, chameliers et cuisiniers sont issus de la tribu Aarib.<\/p>\n\n\n\n<p class=\"has-medium-brown-color has-text-color has-link-color wp-elements-6d3615a336bf27c580ea238cf2b97654\" style=\"font-size:15px\">Ils prennent plaisir \u00e0 partager leur savoir et leur culture nomade.<\/p>\n\n\n\n<p class=\"has-medium-brown-color has-text-color has-link-color wp-elements-e3bbfec6dda92a590a4ae23615069396\" style=\"font-size:15px\">Les s\u00e9jours sont itin\u00e9rants, avec des bivouacs b\u00e9douins, des d\u00e9placements \u00e0 pied et des journ\u00e9es \u00e0 travers les dunes.<\/p>\n\n\n\n<p class=\"has-medium-brown-color has-text-color has-link-color wp-elements-8f8002ca9ab0a953f5389ed00eedbe0f\" style=\"font-size:15px\">Chacun sa sp\u00e9cialit\u00e9 le cuisinier et ses tajines hors pair, le guide se rep\u00e9rant sur n\u2019importe quelle dune, ils sont aussi chameliers, amis des dromadaires.<\/p>\n\n\n\n<p class=\"has-medium-brown-color has-text-color has-link-color wp-elements-32e7553c6a47a02afb014ae0474f349c\" style=\"font-size:15px\">Et le soir, toute l\u2019\u00e9quipe vous chantera des chants nomades autour du feu.<\/p>\n\n\n\n<p class=\"has-medium-brown-color has-text-color has-link-color wp-elements-4695b3ce239bd98ee9257302c6c29f9c\" style=\"font-size:15px\">Ils sont tr\u00e8s attentionn\u00e9s avec les touristes, partageront leur style de vie et forment une \u00e9quipe disponible, \u00e0 l\u2019\u00e9coute pour vous faire profiter pleinement de votre s\u00e9jour, entre humour, d\u00e9licieuse cuisine et bonne humeur.<\/p>\n\n\n\n<p class=\"has-medium-brown-color has-text-color has-link-color wp-elements-7115c4b1dfb6a9132da5329d6d7ebede\" style=\"font-size:15px\">Toute l\u2019\u00e9quipe vous souhaite la bienvenue.<\/p>\n\n\n\n<p class=\"has-medium-brown-color has-text-color has-link-color wp-elements-be3af0ca3a1b584077673e44ba5c3ab8\" style=\"font-size:15px\">Merci \u00e0 Ahmed, Bachir, Hamza, Ibrahim, Youssef, Ali, Mohamed, Mustapha, Ismail, Omar, vos accompagnateurs nomades.<\/p>\n\n\n<div class=\"wp-block-image\">\n<figure class=\"aligncenter size-large is-resized\"><img loading=\"lazy\" decoding=\"async\" width=\"640\" height=\"1024\" src=\"https:\/\/cadencedudesert.com\/wp-content\/uploads\/2023\/12\/IMG-20230619-WA0021-640x1024.jpg\" alt=\"\" class=\"wp-image-1095\" style=\"aspect-ratio:0.625;width:235px;height:auto\" srcset=\"https:\/\/cadencedudesert.com\/wp-content\/uploads\/2023\/12\/IMG-20230619-WA0021-640x1024.jpg 640w, https:\/\/cadencedudesert.com\/wp-content\/uploads\/2023\/12\/IMG-20230619-WA0021-187x300.jpg 187w, https:\/\/cadencedudesert.com\/wp-content\/uploads\/2023\/12\/IMG-20230619-WA0021-768x1230.jpg 768w, https:\/\/cadencedudesert.com\/wp-content\/uploads\/2023\/12\/IMG-20230619-WA0021-959x1536.jpg 959w, https:\/\/cadencedudesert.com\/wp-content\/uploads\/2023\/12\/IMG-20230619-WA0021-1200x1922.jpg 1200w, https:\/\/cadencedudesert.com\/wp-content\/uploads\/2023\/12\/IMG-20230619-WA0021.jpg 1279w\" sizes=\"auto, (max-width: 640px) 85vw, 640px\" \/><\/figure>\n<\/div>","protected":false},"excerpt":{"rendered":"<p>Cadence du d\u00e9sert est une entreprise touristique sp\u00e9cialis\u00e9e dans l\u2019organisation de voyages. Nous souhaitons offrir des exp\u00e9riences uniques dans l\u2019un des paysages les plus magnifiques de la plan\u00e8te ; le d\u00e9sert. Notre \u00e9quipe organise des voyages sur mesure adapt\u00e9s \u00e0 vos int\u00e9r\u00eats et pr\u00e9f\u00e9rences individuels. Que vous recherchiez une exp\u00e9rience aventureuse, ou que vous pr\u00e9f\u00e9riez &hellip; <a href=\"https:\/\/cadencedudesert.com\/?page_id=10\" class=\"more-link\">Continue reading<span class=\"screen-reader-text\"> &#8220;Qui Sommes nous ?&#8221;<\/span><\/a><\/p>\n","protected":false},"author":1,"featured_media":0,"parent":0,"menu_order":0,"comment_status":"closed","ping_status":"closed","template":"","meta":{"footnotes":""},"class_list":["post-10","page","type-page","status-publish","hentry"],"aioseo_notices":[],"_links":{"self":[{"href":"https:\/\/cadencedudesert.com\/index.php?rest_route=\/wp\/v2\/pages\/10","targetHints":{"allow":["GET"]}}],"collection":[{"href":"https:\/\/cadencedudesert.com\/index.php?rest_route=\/wp\/v2\/pages"}],"about":[{"href":"https:\/\/cadencedudesert.com\/index.php?rest_route=\/wp\/v2\/types\/page"}],"author":[{"embeddable":true,"href":"https:\/\/cadencedudesert.com\/index.php?rest_route=\/wp\/v2\/users\/1"}],"replies":[{"embeddable":true,"href":"https:\/\/cadencedudesert.com\/index.php?rest_route=%2Fwp%2Fv2%2Fcomments&post=10"}],"version-history":[{"count":16,"href":"https:\/\/cadencedudesert.com\/index.php?rest_route=\/wp\/v2\/pages\/10\/revisions"}],"predecessor-version":[{"id":2284,"href":"https:\/\/cadencedudesert.com\/index.php?rest_route=\/wp\/v2\/pages\/10\/revisions\/2284"}],"wp:attachment":[{"href":"https:\/\/cadencedudesert.com\/index.php?rest_route=%2Fwp%2Fv2%2Fmedia&parent=10"}],"curies":[{"name":"wp","href":"https:\/\/api.w.org\/{rel}","templated":true}]}}