{"id":157,"date":"2023-09-22T17:45:38","date_gmt":"2023-09-22T15:45:38","guid":{"rendered":"https:\/\/cadencedudesert.wordpress.com\/?page_id=157"},"modified":"2024-12-09T18:07:13","modified_gmt":"2024-12-09T17:07:13","slug":"paradis-des-sables-dores","status":"publish","type":"page","link":"https:\/\/cadencedudesert.com\/?page_id=157","title":{"rendered":"Paradis des sables dor\u00e9s 4J\/3N"},"content":{"rendered":"\n<p class=\"has-medium-brown-color has-text-color has-link-color wp-elements-7424c743ee0f95c1e820cca9266a3563\" style=\"font-size:14px\">Un trek \u00e0 la d\u00e9couverte du Sahara et du monde b\u00e9doin. Vous pourrez dormir sous les \u00e9toiles, diner et chanter pr\u00e9s du feu  .<\/p>\n\n\n\n<div class=\"wp-block-columns is-layout-flex wp-container-core-columns-is-layout-9d6595d7 wp-block-columns-is-layout-flex\">\n<div class=\"wp-block-column is-layout-flow wp-block-column-is-layout-flow\" style=\"flex-basis:350px\">\n<figure class=\"wp-block-image size-large is-resized\"><img loading=\"lazy\" decoding=\"async\" width=\"1200\" height=\"1600\" src=\"http:\/\/cadencedudesert.com\/wp-content\/uploads\/2023\/10\/img-20230621-wa0010.jpg?w=768\" alt=\"\" class=\"wp-image-670\" style=\"object-fit:cover;width:348px;height:350px\" srcset=\"https:\/\/cadencedudesert.com\/wp-content\/uploads\/2023\/10\/img-20230621-wa0010.jpg 1200w, https:\/\/cadencedudesert.com\/wp-content\/uploads\/2023\/10\/img-20230621-wa0010-225x300.jpg 225w, https:\/\/cadencedudesert.com\/wp-content\/uploads\/2023\/10\/img-20230621-wa0010-768x1024.jpg 768w, https:\/\/cadencedudesert.com\/wp-content\/uploads\/2023\/10\/img-20230621-wa0010-1152x1536.jpg 1152w\" sizes=\"auto, (max-width: 709px) 85vw, (max-width: 909px) 67vw, (max-width: 1362px) 62vw, 840px\" \/><\/figure>\n<\/div>\n\n\n\n<div class=\"wp-block-column is-layout-flow wp-block-column-is-layout-flow\">\n<ul class=\"wp-block-list has-medium-brown-color has-text-color has-link-color wp-elements-421e612f065a41a95965972fc2d6cb8f\">\n<li style=\"font-size:14px\">Niveau facile (3h30 \u00e0 4h de marche par jour)<\/li>\n\n\n\n<li style=\"font-size:14px\">1 nuit en bivouac fixe, tout confort<\/li>\n\n\n\n<li style=\"font-size:14px\">2 nuits en bivouac sauvage sous les tentes nomades ou sous les \u00e9toiles<\/li>\n\n\n\n<li style=\"font-size:14px\">3 jours \u00e0 pied<\/li>\n\n\n\n<li style=\"font-size:14px\">Adapt\u00e9 aux familles, accessible aux enfants d\u00e8s 5 ans  ou pour ceux ayant des difficult\u00e9s \u00e0 marcher (avec dromadaire de selle)<\/li>\n\n\n\n<li style=\"font-size:14px\">Retour en 4&#215;4<\/li>\n<\/ul>\n\n\n\n<div class=\"wp-block-file\"><a id=\"wp-block-file--media-f1d1ce09-3b5c-4a77-a56d-d612e571055b\" href=\"https:\/\/cadencedudesert.com\/wp-content\/uploads\/2024\/10\/FicheDetaillee4J3N-2.pdf\" target=\"_blank\" rel=\"noreferrer noopener\">FicheDetaillee4J3N<\/a><\/div>\n\n\n\n<p class=\"has-medium-brown-color has-text-color\" style=\"font-size:15px\">Une question : cadencedudesert@gmail.com ou sur notre page contact<\/p>\n<\/div>\n<\/div>\n\n\n\n<p class=\"has-medium-brown-color has-text-color has-link-color wp-elements-0282254823494884464dc70e6ac80d16\" style=\"font-size:14px\">Jour 1 \u2013 au d\u00e9part de Marrakech, de Ouarzazate, d&#8217;Agadir ou de M&#8217;hamid<\/p>\n\n\n\n<p class=\"has-medium-brown-color has-text-color has-link-color wp-elements-a58849766462385ba5e1d522026c09ef\" style=\"font-size:14px\">En quittant Marrakech, vous traverserez les montagnes du haut Atlas et les villages berb\u00e8res, une exp\u00e9rience authentique et riches en d\u00e9couvertes culturelles. Vous passerez le col de Tizi n\u2019Tichka , un col impressionnant \u00e0 2260m d\u2019altitude. Ensuite vous vous arr\u00eaterez \u00e0 la Kasbah Ait Benhadou, l\u2019un des sites class\u00e9s au patrimoine mondial de l\u2019Unesco.<\/p>\n\n\n\n<p class=\"has-medium-brown-color has-text-color has-link-color wp-elements-349b76c34895b81714a1340a023bd980\" style=\"font-size:14px\">Votre voyage se poursuivra \u00e0 travers la vall\u00e9e du Draa, une oasis pittoresque parsem\u00e9e de palmeraies et d\u2019anciennes kasbah. A l\u2019approche de M\u2019hamid El Ghizlande, la route s\u2019\u00e9loigne entour\u00e9e de vastes \u00e9tendues d\u00e9sertiques vous voil\u00e0 aux portes du d\u00e9sert.<\/p>\n\n\n\n<p class=\"has-medium-brown-color has-text-color has-link-color wp-elements-167d914b9b7b737d4d9771e01ded36d0\" style=\"font-size:14px\">Vous arriverez le soir au bivouac fixe<\/p>\n\n\n\n<p class=\"has-medium-brown-color has-text-color has-link-color wp-elements-6846c55f615f1478d1cf5b5dbdab80aa\" style=\"font-size:14px\">Jour 2<\/p>\n\n\n\n<p class=\"has-medium-brown-color has-text-color has-link-color wp-elements-da8f5f5eff881aabe2b95f2d6da6af6f\" style=\"font-size:14px\">Apr\u00e8s les pr\u00e9sentations de votre \u00e9quipe de b\u00e9douins, nous d\u00e9marrons la caravane de dromadaires vers les dunes de Sidi Neji,. Pendant la randonn\u00e9e, nous nous arr\u00eaterons pour le d\u00e9jeuner savourer le repas de notre cuisinier hors pair. Puis nous repartirons pour visiter le marabout de Sidi Naji, lieu ou les habitants et les visiteurs viennent chercher b\u00e9n\u00e9dictions et gu\u00e9rison, enfin nous installerons le camp de nuit dans un endroit proche des dunes.<\/p>\n\n\n\n<p class=\"has-medium-brown-color has-text-color has-link-color wp-elements-3b29a635e79e7914f14f12abd9618887\" style=\"font-size:14px\">Jour 3<\/p>\n\n\n\n<p class=\"has-medium-brown-color has-text-color has-link-color wp-elements-e4a21f4459d51d53a00d6a72f68f90fb\" style=\"font-size:14px\">Aujourd\u2019hui, notre destination sera l\u2019Erg Zahar. La randonn\u00e9e commence t\u00f4t le matin afin que vous puissiez explorer ces charmantes dunes de sable. En fin d\u2019apr\u00e8s-midi, vous profiterez du magnifique coucher de soleil au sommet de la grande dune.<\/p>\n\n\n\n<p class=\"has-medium-brown-color has-text-color has-link-color wp-elements-cbdfe5e217040433a9db027aaba11e7f\" style=\"font-size:14px\">Lorsque la nuit arrive, vous pouvez choisir de le passer sous les \u00e9toiles, admirer le ciel brillant et profiter de la paix et de la tranquillit\u00e9 que ce lieu magnifique vous offre.<\/p>\n\n\n\n<p class=\"has-medium-brown-color has-text-color has-link-color wp-elements-8f1da260f7c5009ddd3a98236456d867\" style=\"font-size:14px\">Jour 4<\/p>\n\n\n\n<p class=\"has-medium-brown-color has-text-color has-link-color wp-elements-e339d8237be7d8c5395a36dfed4788ad\" style=\"font-size:14px\">Apr\u00e8s un dernier petit d\u00e9jeuner dans le d\u00e9sert, nous retournons vers le bivouac fixe en 4X4 ou nous pourrons se doucher.<\/p>\n\n\n\n<p class=\"has-medium-brown-color has-text-color has-link-color wp-elements-5aac6648eee9754a25f35b6db84ad672\" style=\"font-size:14px\">Avant de prendre la route pour Marrakech, Ouarzazate ou Agadir, un dernier th\u00e9 vous sera servi et pour profiter des derniers moments dans le d\u00e9sert.<\/p>\n","protected":false},"excerpt":{"rendered":"<p>Un trek \u00e0 la d\u00e9couverte du Sahara et du monde b\u00e9doin. Vous pourrez dormir sous les \u00e9toiles, diner et chanter pr\u00e9s du feu . Une question : cadencedudesert@gmail.com ou sur notre page contact Jour 1 \u2013 au d\u00e9part de Marrakech, de Ouarzazate, d&#8217;Agadir ou de M&#8217;hamid En quittant Marrakech, vous traverserez les montagnes du haut &hellip; <a href=\"https:\/\/cadencedudesert.com\/?page_id=157\" class=\"more-link\">Continue reading<span class=\"screen-reader-text\"> &#8220;Paradis des sables dor\u00e9s 4J\/3N&#8221;<\/span><\/a><\/p>\n","protected":false},"author":1,"featured_media":0,"parent":0,"menu_order":0,"comment_status":"closed","ping_status":"closed","template":"","meta":{"footnotes":""},"class_list":["post-157","page","type-page","status-publish","hentry"],"aioseo_notices":[],"_links":{"self":[{"href":"https:\/\/cadencedudesert.com\/index.php?rest_route=\/wp\/v2\/pages\/157","targetHints":{"allow":["GET"]}}],"collection":[{"href":"https:\/\/cadencedudesert.com\/index.php?rest_route=\/wp\/v2\/pages"}],"about":[{"href":"https:\/\/cadencedudesert.com\/index.php?rest_route=\/wp\/v2\/types\/page"}],"author":[{"embeddable":true,"href":"https:\/\/cadencedudesert.com\/index.php?rest_route=\/wp\/v2\/users\/1"}],"replies":[{"embeddable":true,"href":"https:\/\/cadencedudesert.com\/index.php?rest_route=%2Fwp%2Fv2%2Fcomments&post=157"}],"version-history":[{"count":8,"href":"https:\/\/cadencedudesert.com\/index.php?rest_route=\/wp\/v2\/pages\/157\/revisions"}],"predecessor-version":[{"id":1945,"href":"https:\/\/cadencedudesert.com\/index.php?rest_route=\/wp\/v2\/pages\/157\/revisions\/1945"}],"wp:attachment":[{"href":"https:\/\/cadencedudesert.com\/index.php?rest_route=%2Fwp%2Fv2%2Fmedia&parent=157"}],"curies":[{"name":"wp","href":"https:\/\/api.w.org\/{rel}","templated":true}]}}