{"id":160,"date":"2023-09-22T17:45:36","date_gmt":"2023-09-22T15:45:36","guid":{"rendered":"https:\/\/cadencedudesert.wordpress.com\/?page_id=160"},"modified":"2024-12-09T18:02:36","modified_gmt":"2024-12-09T17:02:36","slug":"traces-dans-le-desert","status":"publish","type":"page","link":"https:\/\/cadencedudesert.com\/?page_id=160","title":{"rendered":"La danse du sable 5J\/4N"},"content":{"rendered":"\n<p class=\"has-medium-brown-color has-text-color has-link-color wp-elements-a920eed33a62ec4859910037aa3270b5\" style=\"font-size:14px\"><strong>Ce trek un des plus traditionnels, se d\u00e9roule le long des dunes et se dirige vers un paysage grandiose : la grande dune. <\/strong><\/p>\n\n\n\n<div class=\"wp-block-columns is-layout-flex wp-container-core-columns-is-layout-9d6595d7 wp-block-columns-is-layout-flex\">\n<div class=\"wp-block-column is-layout-flow wp-block-column-is-layout-flow\" style=\"flex-basis:400px\">\n<figure class=\"wp-block-image size-large is-resized is-style-rounded\"><img loading=\"lazy\" decoding=\"async\" width=\"768\" height=\"1024\" src=\"https:\/\/cadencedudesert.com\/wp-content\/uploads\/2023\/12\/IMG-20231215-WA0003-2-768x1024.jpg\" alt=\"\" class=\"wp-image-1488\" style=\"object-fit:cover;width:294px;height:294px\" srcset=\"https:\/\/cadencedudesert.com\/wp-content\/uploads\/2023\/12\/IMG-20231215-WA0003-2-768x1024.jpg 768w, https:\/\/cadencedudesert.com\/wp-content\/uploads\/2023\/12\/IMG-20231215-WA0003-2-225x300.jpg 225w, https:\/\/cadencedudesert.com\/wp-content\/uploads\/2023\/12\/IMG-20231215-WA0003-2-1152x1536.jpg 1152w, https:\/\/cadencedudesert.com\/wp-content\/uploads\/2023\/12\/IMG-20231215-WA0003-2.jpg 1200w\" sizes=\"auto, (max-width: 768px) 85vw, 768px\" \/><\/figure>\n<\/div>\n\n\n\n<div class=\"wp-block-column is-layout-flow wp-block-column-is-layout-flow\" style=\"flex-basis:400px\">\n<ul class=\"wp-block-list has-medium-brown-color has-text-color has-link-color wp-elements-80554057a9ecdf52e8a4a647cb420fc9\">\n<li class=\"has-small-font-size\">Niveau interm\u00e9diaire (4 \u00e0 5h de marche par jour)<\/li>\n\n\n\n<li class=\"has-small-font-size\">1 nuit en bivouac fixe, tout confort<\/li>\n\n\n\n<li class=\"has-small-font-size\">3 nuits en bivouac sauvage sous les tentes nomades<\/li>\n\n\n\n<li class=\"has-small-font-size\">4 jours \u00e0 pied <\/li>\n\n\n\n<li class=\"has-small-font-size\">Adapt\u00e9 aux familles, accessible aux enfants d\u00e8s 5 ans  ou pour ceux ayant des difficult\u00e9s \u00e0 marcher (avec dromadaire de selle)<\/li>\n<\/ul>\n\n\n\n<div class=\"wp-block-file\"><a id=\"wp-block-file--media-ca33ba19-aa36-4a2c-adb7-7aa7a4ebc253\" href=\"https:\/\/cadencedudesert.com\/wp-content\/uploads\/2024\/10\/FicheDetaillee5J4N.pdf\" target=\"_blank\" rel=\"noreferrer noopener\">FicheDetaillee5J4N<\/a><\/div>\n\n\n\n<p class=\"has-medium-brown-color has-text-color\" style=\"font-size:15px\">Une question : cadencedudesert@gmail.com ou sur notre page contact<\/p>\n<\/div>\n<\/div>\n\n\n\n<p class=\"has-medium-brown-color has-text-color has-link-color wp-elements-0282254823494884464dc70e6ac80d16\" style=\"font-size:14px\">Jour 1 \u2013 au d\u00e9part de Marrakech, de Ouarzazate, d&#8217;Agadir ou de M&#8217;hamid<\/p>\n\n\n\n<p class=\"has-medium-brown-color has-text-color has-link-color wp-elements-adfc3ad5e602307a15ccdee0550d7f27\" style=\"font-size:14px\">En quittant Marrakech, vous traverserez les montagnes du haut Atlas et des villages berb\u00e8res, une exp\u00e9rience authentique et riches en d\u00e9couvertes culturelles. Vous passerez le col de Tizi n\u2019Tichka . C\u2019est le seul passage direct qui vous m\u00e8nera vers Ouarzazate et toute la r\u00e9gion du Sud-Est.Ensuite vous vous arr\u00eaterez \u00e0 la Kasbah Ait Benhadou, l\u2019un des sites class\u00e9s au patrimoine mondial de l\u2019Unesco.<\/p>\n\n\n\n<p class=\"has-medium-brown-color has-text-color has-link-color wp-elements-349b76c34895b81714a1340a023bd980\" style=\"font-size:14px\">Votre voyage se poursuivra \u00e0 travers la vall\u00e9e du Draa, une oasis pittoresque parsem\u00e9e de palmeraies et d\u2019anciennes kasbah. A l\u2019approche de M\u2019hamid El Ghizlande, la route s\u2019\u00e9loigne entour\u00e9e de vastes \u00e9tendues d\u00e9sertiques vous voil\u00e0 aux portes du d\u00e9sert.<\/p>\n\n\n\n<p class=\"has-medium-brown-color has-text-color has-link-color wp-elements-167d914b9b7b737d4d9771e01ded36d0\" style=\"font-size:14px\">Vous arriverez le soir au bivouac fixe<\/p>\n\n\n\n<p class=\"has-medium-brown-color has-text-color has-link-color wp-elements-6846c55f615f1478d1cf5b5dbdab80aa\" style=\"font-size:14px\">Jour 2<\/p>\n\n\n\n<p class=\"has-medium-brown-color has-text-color has-link-color wp-elements-13326f7ff23b6b8d355ae0302c2d619f\" style=\"font-size:14px\">Apr\u00e8s les pr\u00e9sentations de votre \u00e9quipe de b\u00e9douins, nous d\u00e9marrons la caravane de dromadaires vers les dunes de Sidi Neji. Pendant la randonn\u00e9e, nous nous arr\u00eaterons pour le d\u00e9jeuner savourer le repas de notre cuisinier hors pair \u00e0 l\u2019ombre d\u2019un tamaris. Puis nous repartirons pour visiter le marabout de Sidi Naji, lieu de p\u00e8lerinage pour les b\u00e9douins, et enfin nous installerons le bivouac dans un endroit proche des dunes.<\/p>\n\n\n\n<p class=\"has-medium-brown-color has-text-color has-link-color wp-elements-3b29a635e79e7914f14f12abd9618887\" style=\"font-size:14px\">Jour 3<\/p>\n\n\n\n<p class=\"has-medium-brown-color has-text-color has-link-color wp-elements-8289b18ccc2844659f75c785410510c4\" style=\"font-size:14px\">Aujourd\u2019hui, notre destination sera l\u2019Erg Zahar. Notre m\u00e9har\u00e9e commence t\u00f4t le matin au rythme des pas cadenc\u00e9s de nos fid\u00e8les dromadaires. Un coucher de soleil au paysage enchanteur sera l\u2019endroit id\u00e9al pour profiter du calme et de la tranquillit\u00e9 que vous offre le d\u00e9sert.<\/p>\n\n\n\n<p class=\"has-medium-brown-color has-text-color has-link-color wp-elements-1b9864e8dc5bd35442419205e6686621\" style=\"font-size:14px\">Lorsque la nuit arrive, vous pouvez choisir de le passer sous les \u00e9toiles, admirer le ciel brillant et profiter de ce lieu magnifique.<\/p>\n\n\n\n<p class=\"has-medium-brown-color has-text-color has-link-color wp-elements-8f1da260f7c5009ddd3a98236456d867\" style=\"font-size:14px\">Jour 4<\/p>\n\n\n\n<p class=\"has-medium-brown-color has-text-color has-link-color wp-elements-b509edb6871c6114e83051e2b4240be9\" style=\"font-size:14px\">Le voyage se poursuit pour rejoindre Ain Rimth ou nous d\u00e9jeunerons sous les tamaris. C\u2019est peut-\u00eatre l\u2019occasion d\u2019apercevoir un troupeau de dromadaires sauvages. Nous installerons notre campement au pied des dunes de Douib<\/p>\n\n\n\n<p class=\"has-medium-brown-color has-text-color has-link-color wp-elements-fbdd57268cda5c64c5de7a2e1dd6efcc\" style=\"font-size:14px\">Jour 5<\/p>\n\n\n\n<p class=\"has-medium-brown-color has-text-color has-link-color wp-elements-a498b2bad3fb970df2dc5fec4931a012\" style=\"font-size:14px\">Apr\u00e8s une heure de marche dans le d\u00e9sert, nous arriverons au bivouac fixe ou nous pourrons se doucher.<\/p>\n\n\n\n<p class=\"has-medium-brown-color has-text-color has-link-color wp-elements-81e191ff389f92a7f232c15080f3f1ed\" style=\"font-size:14px\">Avant de prendre la route pour Marrakech, Ouarzazate ou Agadir, un dernier th\u00e9 vous sera servi afin de profiter des derniers moments dans le d\u00e9sert.<\/p>\n","protected":false},"excerpt":{"rendered":"<p>Ce trek un des plus traditionnels, se d\u00e9roule le long des dunes et se dirige vers un paysage grandiose : la grande dune. Une question : cadencedudesert@gmail.com ou sur notre page contact Jour 1 \u2013 au d\u00e9part de Marrakech, de Ouarzazate, d&#8217;Agadir ou de M&#8217;hamid En quittant Marrakech, vous traverserez les montagnes du haut Atlas &hellip; <a href=\"https:\/\/cadencedudesert.com\/?page_id=160\" class=\"more-link\">Continue reading<span class=\"screen-reader-text\"> &#8220;La danse du sable 5J\/4N&#8221;<\/span><\/a><\/p>\n","protected":false},"author":1,"featured_media":0,"parent":0,"menu_order":0,"comment_status":"closed","ping_status":"closed","template":"","meta":{"footnotes":""},"class_list":["post-160","page","type-page","status-publish","hentry"],"aioseo_notices":[],"_links":{"self":[{"href":"https:\/\/cadencedudesert.com\/index.php?rest_route=\/wp\/v2\/pages\/160","targetHints":{"allow":["GET"]}}],"collection":[{"href":"https:\/\/cadencedudesert.com\/index.php?rest_route=\/wp\/v2\/pages"}],"about":[{"href":"https:\/\/cadencedudesert.com\/index.php?rest_route=\/wp\/v2\/types\/page"}],"author":[{"embeddable":true,"href":"https:\/\/cadencedudesert.com\/index.php?rest_route=\/wp\/v2\/users\/1"}],"replies":[{"embeddable":true,"href":"https:\/\/cadencedudesert.com\/index.php?rest_route=%2Fwp%2Fv2%2Fcomments&post=160"}],"version-history":[{"count":20,"href":"https:\/\/cadencedudesert.com\/index.php?rest_route=\/wp\/v2\/pages\/160\/revisions"}],"predecessor-version":[{"id":1943,"href":"https:\/\/cadencedudesert.com\/index.php?rest_route=\/wp\/v2\/pages\/160\/revisions\/1943"}],"wp:attachment":[{"href":"https:\/\/cadencedudesert.com\/index.php?rest_route=%2Fwp%2Fv2%2Fmedia&parent=160"}],"curies":[{"name":"wp","href":"https:\/\/api.w.org\/{rel}","templated":true}]}}