{"id":171,"date":"2023-09-22T17:58:03","date_gmt":"2023-09-22T15:58:03","guid":{"rendered":"https:\/\/cadencedudesert.wordpress.com\/?page_id=171"},"modified":"2024-02-03T18:19:24","modified_gmt":"2024-02-03T17:19:24","slug":"erg-chegaga","status":"publish","type":"page","link":"https:\/\/cadencedudesert.com\/?page_id=171","title":{"rendered":"Erg Chegaga 3J\/2N"},"content":{"rendered":"\n<p class=\"has-medium-brown-color has-text-color has-link-color wp-elements-b2a87fada7369cea5459c5130e587745\" style=\"font-size:15px\">Ce circuit en 4&#215;4 vous m\u00e8nera vers les majestueuses dunes de Chegaga, dunes aux multiples couleurs<\/p>\n\n\n\n<div class=\"wp-block-columns is-layout-flex wp-container-core-columns-is-layout-9d6595d7 wp-block-columns-is-layout-flex\">\n<div class=\"wp-block-column is-layout-flow wp-block-column-is-layout-flow\">\n<figure class=\"wp-block-image size-large is-resized is-style-rounded\"><img loading=\"lazy\" decoding=\"async\" width=\"1024\" height=\"576\" src=\"https:\/\/cadencedudesert.com\/wp-content\/uploads\/2023\/12\/IMG-20230706-WA0010-1024x576.jpg\" alt=\"\" class=\"wp-image-1540\" style=\"object-fit:cover;width:320px;height:290px\" srcset=\"https:\/\/cadencedudesert.com\/wp-content\/uploads\/2023\/12\/IMG-20230706-WA0010-1024x576.jpg 1024w, https:\/\/cadencedudesert.com\/wp-content\/uploads\/2023\/12\/IMG-20230706-WA0010-300x169.jpg 300w, https:\/\/cadencedudesert.com\/wp-content\/uploads\/2023\/12\/IMG-20230706-WA0010-768x432.jpg 768w, https:\/\/cadencedudesert.com\/wp-content\/uploads\/2023\/12\/IMG-20230706-WA0010-1200x675.jpg 1200w, https:\/\/cadencedudesert.com\/wp-content\/uploads\/2023\/12\/IMG-20230706-WA0010.jpg 1280w\" sizes=\"auto, (max-width: 709px) 85vw, (max-width: 909px) 67vw, (max-width: 1362px) 62vw, 840px\" \/><\/figure>\n<\/div>\n\n\n\n<div class=\"wp-block-column is-layout-flow wp-block-column-is-layout-flow\">\n<ul class=\"has-medium-brown-color has-text-color has-link-color wp-block-list wp-elements-0f583033b045910e6a202785bdc19fdf\">\n<li style=\"font-size:14px\">Promenade \u00e0 dos de dromadaires<\/li>\n\n\n\n<li style=\"font-size:14px\">1 nuit en bivouac fixe, tout confort<\/li>\n\n\n\n<li style=\"font-size:14px\">1 nuit en bivouac sauvage sous les tentes nomades<\/li>\n\n\n\n<li style=\"font-size:14px\">Circuit en 4&#215;4<\/li>\n<\/ul>\n\n\n\n<div class=\"wp-block-file\"><a id=\"wp-block-file--media-36415845-8b8c-4967-8c5b-74e79b079cc1\" href=\"https:\/\/cadencedudesert.com\/wp-content\/uploads\/2024\/02\/Ergchegaga3J2N.pdf\">Ergchegaga3J2N<\/a><\/div>\n\n\n\n<p class=\"has-medium-brown-color has-text-color\" style=\"font-size:15px\">Une question : cadencedudesert@gmail.com ou sur notre page contact<\/p>\n<\/div>\n<\/div>\n\n\n\n<p class=\"has-medium-brown-color has-text-color has-link-color wp-elements-d0851b236798ffbd4d74f71d7090f066\" style=\"font-size:14px\">Jour 1 \u2013 au d\u00e9part de Marrakech, de Ouarzazate ou Agadir<\/p>\n\n\n\n<p class=\"has-medium-brown-color has-text-color has-link-color wp-elements-0ab5f16df0d2038e573afd87bb2620a6\" style=\"font-size:14px\">En quittant Marrakech, vous traverserez les montagnes du haut Atlas et des villages berb\u00e8res, une exp\u00e9rience authentique et riches en d\u00e9couvertes culturelles. Vous passerez le col de Tizi n\u2019Tichka , Ensuite vous vous arr\u00eaterez \u00e0 la Kasbah Ait Benhadou, l\u2019un des sites class\u00e9s au patrimoine mondial de l\u2019Unesco.<\/p>\n\n\n\n<p class=\"has-medium-brown-color has-text-color has-link-color wp-elements-349b76c34895b81714a1340a023bd980\" style=\"font-size:14px\">Votre voyage se poursuivra \u00e0 travers la vall\u00e9e du Draa, une oasis pittoresque parsem\u00e9e de palmeraies et d\u2019anciennes kasbah. A l\u2019approche de M\u2019hamid El Ghizlande, la route s\u2019\u00e9loigne entour\u00e9e de vastes \u00e9tendues d\u00e9sertiques vous voil\u00e0 aux portes du d\u00e9sert.<\/p>\n\n\n\n<p class=\"has-medium-brown-color has-text-color has-link-color wp-elements-a2f47239610eb32bcf5502efd63305d1\" style=\"font-size:14px\">Vous arriverez le soir au bivouac fixe.<\/p>\n\n\n\n<p class=\"has-medium-brown-color has-text-color has-link-color wp-elements-6846c55f615f1478d1cf5b5dbdab80aa\" style=\"font-size:14px\">Jour 2<\/p>\n\n\n\n<p class=\"has-medium-brown-color has-text-color has-link-color wp-elements-e3c26a3790322f40038350c6b621aafd\" style=\"font-size:14px\">Apr\u00e8s les pr\u00e9sentations de votre \u00e9quipe de b\u00e9douins, nous d\u00e9marrons une promenade \u00e0 dos de dromadaire, puis le 4&#215;4 vous m\u00e8nera vers Chegaga, En route, une pause rafraichissante dans une oasis, une rencontre avec les troupeaux de ch\u00e8vres et de dromadaires pour enfin arriver dans les dunes de sable les plus hautes du Maroc ,ou les couleurs passent de l\u2019orange au jaune et au rouge. Diner et nuit en bivouac nomade ou \u00e0 la belle \u00e9toile.<\/p>\n\n\n\n<p class=\"has-medium-brown-color has-text-color has-link-color wp-elements-c417d785b0fa8cf4071dc6a0732e2ccb\" style=\"font-size:14px\">jour 3<\/p>\n\n\n\n<p class=\"has-medium-brown-color has-text-color has-link-color wp-elements-da6bd32a4662763567f821418ed67625\" style=\"font-size:14px\">Apr\u00e8s votre petit d\u00e9jeuner dans le d\u00e9sert, nous retournons vers le bivouac fixe en 4&#215;4 ou nous pourrons se doucher.<\/p>\n\n\n\n<p class=\"has-medium-brown-color has-text-color has-link-color wp-elements-bccc6b4a1fc8334c747ae69d92828a18\" style=\"font-size:14px\">Avant de prendre la route pour Marrakech, Ouarzazate ou Agadir, un dernier th\u00e9 vous sera servi pour profiter des derniers moments dans le d\u00e9sert.<\/p>\n","protected":false},"excerpt":{"rendered":"<p>Ce circuit en 4&#215;4 vous m\u00e8nera vers les majestueuses dunes de Chegaga, dunes aux multiples couleurs Une question : cadencedudesert@gmail.com ou sur notre page contact Jour 1 \u2013 au d\u00e9part de Marrakech, de Ouarzazate ou Agadir En quittant Marrakech, vous traverserez les montagnes du haut Atlas et des villages berb\u00e8res, une exp\u00e9rience authentique et riches &hellip; <a href=\"https:\/\/cadencedudesert.com\/?page_id=171\" class=\"more-link\">Continue reading<span class=\"screen-reader-text\"> &#8220;Erg Chegaga 3J\/2N&#8221;<\/span><\/a><\/p>\n","protected":false},"author":1,"featured_media":0,"parent":0,"menu_order":0,"comment_status":"closed","ping_status":"closed","template":"","meta":{"footnotes":""},"class_list":["post-171","page","type-page","status-publish","hentry"],"aioseo_notices":[],"_links":{"self":[{"href":"https:\/\/cadencedudesert.com\/index.php?rest_route=\/wp\/v2\/pages\/171","targetHints":{"allow":["GET"]}}],"collection":[{"href":"https:\/\/cadencedudesert.com\/index.php?rest_route=\/wp\/v2\/pages"}],"about":[{"href":"https:\/\/cadencedudesert.com\/index.php?rest_route=\/wp\/v2\/types\/page"}],"author":[{"embeddable":true,"href":"https:\/\/cadencedudesert.com\/index.php?rest_route=\/wp\/v2\/users\/1"}],"replies":[{"embeddable":true,"href":"https:\/\/cadencedudesert.com\/index.php?rest_route=%2Fwp%2Fv2%2Fcomments&post=171"}],"version-history":[{"count":9,"href":"https:\/\/cadencedudesert.com\/index.php?rest_route=\/wp\/v2\/pages\/171\/revisions"}],"predecessor-version":[{"id":1645,"href":"https:\/\/cadencedudesert.com\/index.php?rest_route=\/wp\/v2\/pages\/171\/revisions\/1645"}],"wp:attachment":[{"href":"https:\/\/cadencedudesert.com\/index.php?rest_route=%2Fwp%2Fv2%2Fmedia&parent=171"}],"curies":[{"name":"wp","href":"https:\/\/api.w.org\/{rel}","templated":true}]}}