{"id":1752,"date":"2025-03-03T18:01:29","date_gmt":"2025-03-03T17:01:29","guid":{"rendered":"https:\/\/cadencedudesert.com\/?page_id=1752"},"modified":"2026-04-20T16:30:41","modified_gmt":"2026-04-20T14:30:41","slug":"nos-departs-2025","status":"publish","type":"page","link":"https:\/\/cadencedudesert.com\/?page_id=1752","title":{"rendered":"Nos prochains d\u00e9parts 2026"},"content":{"rendered":"\n<div class=\"wp-block-columns is-layout-flex wp-container-core-columns-is-layout-9d6595d7 wp-block-columns-is-layout-flex\">\n<div class=\"wp-block-column is-layout-flow wp-block-column-is-layout-flow\" style=\"flex-basis:100%\"><\/div>\n<\/div>\n\n\n\n<p class=\"has-medium-brown-color has-text-color has-background has-link-color has-medium-font-size wp-elements-858dba7855ba3d1b0c0a220eba93a9ff\" style=\"background-color:#ffab5e\">Avril &#8211; Au d\u00e9part de Marrakech<\/p>\n\n\n\n<figure class=\"wp-block-table\"><table class=\"has-medium-brown-color has-light-gray-background-color has-text-color has-background has-link-color\"><tbody><tr><td>Du 06\/04 au 10\/04<\/td><td>Danse du sable 5 jours dont 4 jours \u00e0 pied, facile &#8211; Au d\u00e9part de Ouarzazate<\/td><td>D\u00e9s 365 euros<\/td><td><a href=\"https:\/\/cadencedudesert.com\/?page_id=160\u2197\" target=\"_blank\" rel=\"noopener\" title=\"\">D\u00e9tails  <\/a><br>Complet<\/td><\/tr><tr><td>Du 12\/04 au 15\/04<\/td><td>Paradis des sables dor\u00e9s 4 jours dont 3 jours \u00e0 pied, facile<\/td><td>D\u00e9s 360 euros<\/td><td><a href=\"https:\/\/cadencedudesert.com\/?page_id=157(ouvre%20un%20nouvel%20onglet\" title=\"\">D\u00e9tails<\/a><br><a href=\"https:\/\/cadencedudesert.com\/?page_id=62\u2197\" title=\"\">R\u00e9servation<\/a><\/td><\/tr><\/tbody><\/table><\/figure>\n\n\n\n<p>Pour le dernier trimestre 2026, de nouveaux d\u00e9parts seront mis en ligne prochainement, veuillez nous contacter pour plus d&#8217;informations<\/p>\n","protected":false},"excerpt":{"rendered":"<p>Avril &#8211; Au d\u00e9part de Marrakech Du 06\/04 au 10\/04 Danse du sable 5 jours dont 4 jours \u00e0 pied, facile &#8211; Au d\u00e9part de Ouarzazate D\u00e9s 365 euros D\u00e9tails Complet Du 12\/04 au 15\/04 Paradis des sables dor\u00e9s 4 jours dont 3 jours \u00e0 pied, facile D\u00e9s 360 euros D\u00e9tailsR\u00e9servation Pour le dernier trimestre &hellip; <a href=\"https:\/\/cadencedudesert.com\/?page_id=1752\" class=\"more-link\">Continue reading<span class=\"screen-reader-text\"> &#8220;Nos prochains d\u00e9parts 2026&#8221;<\/span><\/a><\/p>\n","protected":false},"author":1,"featured_media":0,"parent":0,"menu_order":0,"comment_status":"closed","ping_status":"closed","template":"","meta":{"footnotes":""},"class_list":["post-1752","page","type-page","status-publish","hentry"],"aioseo_notices":[],"_links":{"self":[{"href":"https:\/\/cadencedudesert.com\/index.php?rest_route=\/wp\/v2\/pages\/1752","targetHints":{"allow":["GET"]}}],"collection":[{"href":"https:\/\/cadencedudesert.com\/index.php?rest_route=\/wp\/v2\/pages"}],"about":[{"href":"https:\/\/cadencedudesert.com\/index.php?rest_route=\/wp\/v2\/types\/page"}],"author":[{"embeddable":true,"href":"https:\/\/cadencedudesert.com\/index.php?rest_route=\/wp\/v2\/users\/1"}],"replies":[{"embeddable":true,"href":"https:\/\/cadencedudesert.com\/index.php?rest_route=%2Fwp%2Fv2%2Fcomments&post=1752"}],"version-history":[{"count":66,"href":"https:\/\/cadencedudesert.com\/index.php?rest_route=\/wp\/v2\/pages\/1752\/revisions"}],"predecessor-version":[{"id":2419,"href":"https:\/\/cadencedudesert.com\/index.php?rest_route=\/wp\/v2\/pages\/1752\/revisions\/2419"}],"wp:attachment":[{"href":"https:\/\/cadencedudesert.com\/index.php?rest_route=%2Fwp%2Fv2%2Fmedia&parent=1752"}],"curies":[{"name":"wp","href":"https:\/\/api.w.org\/{rel}","templated":true}]}}