{"id":269,"date":"2023-09-26T15:13:29","date_gmt":"2023-09-26T13:13:29","guid":{"rendered":"https:\/\/cadencedudesert.wordpress.com\/?page_id=269"},"modified":"2024-02-03T18:10:38","modified_gmt":"2024-02-03T17:10:38","slug":"couleurs-du-desert-8j-7n","status":"publish","type":"page","link":"https:\/\/cadencedudesert.com\/?page_id=269","title":{"rendered":"Couleurs du Sahara 8J\/7N"},"content":{"rendered":"\n<p class=\"has-dark-red-color has-text-color has-link-color wp-elements-67c78ba894ff2575af2270b531394b9f\" style=\"font-size:15px\">Un&nbsp;trek&nbsp;au c\u0153ur du&nbsp;Sahara, \u00e0 travers les dunes, des paysages vari\u00e9s, une belle  sensation de libert\u00e9.<\/p>\n\n\n\n<div class=\"wp-block-columns is-layout-flex wp-container-core-columns-is-layout-9d6595d7 wp-block-columns-is-layout-flex\">\n<div class=\"wp-block-column is-layout-flow wp-block-column-is-layout-flow\" style=\"flex-basis:66.66%\"><div class=\"wp-block-image is-style-rounded\">\n<figure class=\"aligncenter size-large is-resized\"><img loading=\"lazy\" decoding=\"async\" width=\"768\" height=\"1024\" src=\"http:\/\/cadencedudesert.com\/wp-content\/uploads\/2023\/12\/IMG-20231215-WA0059-768x1024.jpg\" alt=\"\" class=\"wp-image-1353\" style=\"object-fit:cover;width:255px;height:255px\" srcset=\"https:\/\/cadencedudesert.com\/wp-content\/uploads\/2023\/12\/IMG-20231215-WA0059-768x1024.jpg 768w, https:\/\/cadencedudesert.com\/wp-content\/uploads\/2023\/12\/IMG-20231215-WA0059-225x300.jpg 225w, https:\/\/cadencedudesert.com\/wp-content\/uploads\/2023\/12\/IMG-20231215-WA0059-1152x1536.jpg 1152w, https:\/\/cadencedudesert.com\/wp-content\/uploads\/2023\/12\/IMG-20231215-WA0059-1200x1600.jpg 1200w, https:\/\/cadencedudesert.com\/wp-content\/uploads\/2023\/12\/IMG-20231215-WA0059.jpg 1536w\" sizes=\"auto, (max-width: 768px) 85vw, 768px\" \/><\/figure>\n<\/div><\/div>\n\n\n\n<div class=\"wp-block-column is-layout-flow wp-block-column-is-layout-flow\" style=\"flex-basis:95%\">\n<ul id=\"block-ff456575-979e-4ba9-a0d6-148908f27e9f\" class=\"has-medium-brown-color has-text-color has-link-color has-small-font-size wp-block-list wp-elements-92b8c2e5cd05a6ca85b3f0f56c2f39bb\">\n<li style=\"font-size:15px\">Niveau interm\u00e9diaire (4h \u00e0 5h de marche par jour)<\/li>\n\n\n\n<li style=\"font-size:15px\">1 nuit en bivouac fixe, tout confort<\/li>\n\n\n\n<li style=\"font-size:15px\">6 nuits en bivouac sauvage sous les tentes nomades<\/li>\n\n\n\n<li style=\"font-size:15px\">7 jours \u00e0 pied<\/li>\n<\/ul>\n\n\n\n<div class=\"wp-block-file\"><a id=\"wp-block-file--media-f369b84e-82e7-439c-9c3f-afbc9d06f153\" href=\"https:\/\/cadencedudesert.com\/wp-content\/uploads\/2024\/02\/FicheDetaillee8J7N.pdf\">FicheDetaillee8J7N<\/a><\/div>\n\n\n\n<p class=\"has-medium-brown-color has-text-color\" style=\"font-size:15px\">Une question : cadencedudesert@gmail.com ou sur notre page contact<\/p>\n<\/div>\n<\/div>\n\n\n\n<p class=\"has-medium-brown-color has-text-color has-link-color wp-elements-4057f82b9bf3b99b83a1b266b3e2a24b\" style=\"font-size:14px\"><strong>Jour 1 <\/strong>\u2013 au d\u00e9part de Marrakech, de Ouarzazate d&#8217;Agadir ou de M&#8217;hamid<\/p>\n\n\n\n<p class=\"has-medium-brown-color has-text-color has-link-color wp-elements-0ab5f16df0d2038e573afd87bb2620a6\" style=\"font-size:14px\">En quittant Marrakech, vous traverserez les montagnes du haut Atlas et des villages berb\u00e8res, une exp\u00e9rience authentique et riches en d\u00e9couvertes culturelles. Vous passerez le col de Tizi n\u2019Tichka , Ensuite vous vous arr\u00eaterez \u00e0 la Kasbah Ait Benhadou, l\u2019un des sites class\u00e9s au patrimoine mondial de l\u2019Unesco.<\/p>\n\n\n\n<p class=\"has-medium-brown-color has-text-color has-link-color wp-elements-349b76c34895b81714a1340a023bd980\" style=\"font-size:14px\">Votre voyage se poursuivra \u00e0 travers la vall\u00e9e du Draa, une oasis pittoresque parsem\u00e9e de palmeraies et d\u2019anciennes kasbah. A l\u2019approche de M\u2019hamid El Ghizlande, la route s\u2019\u00e9loigne entour\u00e9e de vastes \u00e9tendues d\u00e9sertiques vous voil\u00e0 aux portes du d\u00e9sert.<\/p>\n\n\n\n<p class=\"has-medium-brown-color has-text-color has-link-color wp-elements-167d914b9b7b737d4d9771e01ded36d0\" style=\"font-size:14px\">Vous arriverez le soir au bivouac fixe<\/p>\n\n\n\n<p class=\"has-medium-brown-color has-text-color has-link-color wp-elements-5c493b61314a495f1707e2b7ce828e52\" style=\"font-size:14px\"><strong>Jour 2 <\/strong><\/p>\n\n\n\n<p class=\"has-medium-brown-color has-text-color has-link-color wp-elements-60aa932cef67744a2abf30b631bfdcd4\" style=\"font-size:14px\">Apr\u00e8s les pr\u00e9sentations de votre \u00e9quipe de b\u00e9douins, nous d\u00e9marrons la caravane de dromadaires vers les dunes de Sidi Neji. Pendant la randonn\u00e9e, nous nous arr\u00eaterons pour le d\u00e9jeuner , puis nous repartirons vers Sidi Naji connu pour le tombeau d&#8217;un ancien marabout du m\u00eame nom. Enfin nous installerons le campement dans un endroit proche des dunes.<\/p>\n\n\n\n<p class=\"has-medium-brown-color has-text-color has-link-color wp-elements-c3089f62b9c271426e6482c0789e74f4\" style=\"font-size:14px\"><strong>JOUR 3<\/strong> <\/p>\n\n\n\n<p class=\"has-medium-brown-color has-text-color has-link-color wp-elements-4ab56a9c5156a6c7a083113641591263\" style=\"font-size:14px\">Aujourd\u2019hui nous nous dirigeons vers l\u2019erg Z\u2019mila. Nous parcourons de magnifiques paysages d\u00e9sertiques pour atteindre une incroyable chaine de montagnes. Apr\u00e8s avoir d\u00e9jeuner et passer un moment de d\u00e9tente, nous repartirons pour gravir la montagne et visiter les traces d\u2019anciennes habitations nomades. Au sommet de la montagne nous profiterons d\u2019une vue panoramique entre le d\u00e9sert et les sommets montagneux qui nous entourent. &nbsp;Apr\u00e8s le coucher du soleil, nous redescendrons au bivouac et profiter de la beaut\u00e9 du paysage.<\/p>\n\n\n\n<p class=\"has-medium-brown-color has-text-color has-link-color wp-elements-5069bb879499274637a33b187e21cb96\" style=\"font-size:14px\"><strong>Jour 4<\/strong> <\/p>\n\n\n\n<p class=\"has-medium-brown-color has-text-color has-link-color wp-elements-76c5054a548d2d03e2979c9ed119cd64\" style=\"font-size:14px\">Aujourd\u2019hui, notre destination sera l\u2019Erg Zahar. La randonn\u00e9e commence t\u00f4t le matin afin que vous puissiez explorer ces charmantes dunes de sable. Avant le d\u00e9licieux diner qui vous attend aupr\u00e8s du feu, vous aurez l\u2019occasion de profiter du magnifique coucher de soleil au sommet de la grande dune.<\/p>\n\n\n\n<p class=\"has-medium-brown-color has-text-color has-link-color wp-elements-cbdfe5e217040433a9db027aaba11e7f\" style=\"font-size:14px\">Lorsque la nuit arrive, vous pouvez choisir de le passer sous les \u00e9toiles, admirer le ciel brillant et profiter de la paix et de la tranquillit\u00e9 que ce lieu magnifique vous offre.<\/p>\n\n\n\n<p class=\"has-medium-brown-color has-text-color has-link-color wp-elements-a40e5db882fb5674fc89cb1571a4243c\" style=\"font-size:14px\"><strong>Jour 5<\/strong> <\/p>\n\n\n\n<p class=\"has-medium-brown-color has-text-color has-link-color wp-elements-990b7ad62e97c27032fa04a1f5251a33\" style=\"font-size:14px\">Cette nouvelle journ\u00e9e, vous conduira vers l\u2019Erg Smar, sur les traces d\u2019anciennes habitations nomades . En soir\u00e9e une pourrez faire une balade pour rejoindre le puit nos dromadaires iront s\u2019abreuver. Ce sera l\u2019occasion d\u2019une douche naturelle pour vous rafra\u00eechir.<\/p>\n\n\n\n<p class=\"has-medium-brown-color has-text-color has-link-color wp-elements-cd17373e1f0b9d21a4bfa047f1ea695d\" style=\"font-size:14px\"><strong>Jour 6<\/strong> <\/p>\n\n\n\n<p class=\"has-medium-brown-color has-text-color has-link-color wp-elements-dfccaca571418d0b6ef23be419f89fde\" style=\"font-size:14px\">Au lever du soleil, vous vous dirigerez vers Ait Ounir.<\/p>\n\n\n\n<p class=\"has-medium-brown-color has-text-color has-link-color wp-elements-748b154560ddfee268eff457c263d1e6\" style=\"font-size:14px\">En passant par la vall\u00e9e du Draa, vous pourrez observer les dromadaires dans leur habitat naturel. C\u2019est l\u2019occasion de d\u00e9couvrir la culture et le mode de vie des nomades.<\/p>\n\n\n\n<p class=\"has-medium-brown-color has-text-color has-link-color wp-elements-2e189f02f2ed4e50f994a022be124ea6\" style=\"font-size:14px\"><strong>Jour 7 <\/strong><\/p>\n\n\n\n<p class=\"has-medium-brown-color has-text-color has-link-color wp-elements-1d15a4385a9e211f0a8c783896f581b9\" style=\"font-size:14px\">Cette nouvelle journ\u00e9e vous conduira vers l\u2019Erg Douib.<\/p>\n\n\n\n<p class=\"has-medium-brown-color has-text-color has-link-color wp-elements-8e4abf4c9595a3c949669148dab7ca9f\" style=\"font-size:14px\">Avant de quitter le bivouac, une promenade \u00e0 dos de dromadaires vous sera propos\u00e9e.<\/p>\n\n\n\n<p class=\"has-medium-brown-color has-text-color has-link-color wp-elements-a281adeb7e330de4b66048ebd390ddb0\" style=\"font-size:14px\">Puis nous continuerons notre trek \u00e0 travers des paysages d\u00e9sertiques.<\/p>\n\n\n\n<p class=\"has-medium-brown-color has-text-color has-link-color wp-elements-a1eaf638f9d6b524312b6c640336a1dc\" style=\"font-size:14px\"><strong>Jour 8 <\/strong>\u2013 1h, 1h30 de marche<\/p>\n\n\n\n<p class=\"has-medium-brown-color has-text-color has-link-color wp-elements-834cb6c7d1d74124c94cf4efbb1f3fef\" style=\"font-size:14px\">Apr\u00e8s un dernier petit d\u00e9jeuner dans le d\u00e9sert, nous retournons vers le bivouac fixe ou nous pourrons se doucher.<\/p>\n\n\n\n<p class=\"has-medium-brown-color has-text-color has-link-color wp-elements-81e191ff389f92a7f232c15080f3f1ed\" style=\"font-size:14px\">Avant de prendre la route pour Marrakech, Ouarzazate ou Agadir, un dernier th\u00e9 vous sera servi afin de profiter des derniers moments dans le d\u00e9sert.<\/p>\n","protected":false},"excerpt":{"rendered":"<p>Un&nbsp;trek&nbsp;au c\u0153ur du&nbsp;Sahara, \u00e0 travers les dunes, des paysages vari\u00e9s, une belle sensation de libert\u00e9. Une question : cadencedudesert@gmail.com ou sur notre page contact Jour 1 \u2013 au d\u00e9part de Marrakech, de Ouarzazate d&#8217;Agadir ou de M&#8217;hamid En quittant Marrakech, vous traverserez les montagnes du haut Atlas et des villages berb\u00e8res, une exp\u00e9rience authentique et &hellip; <a href=\"https:\/\/cadencedudesert.com\/?page_id=269\" class=\"more-link\">Continue reading<span class=\"screen-reader-text\"> &#8220;Couleurs du Sahara 8J\/7N&#8221;<\/span><\/a><\/p>\n","protected":false},"author":1,"featured_media":0,"parent":0,"menu_order":0,"comment_status":"closed","ping_status":"closed","template":"","meta":{"footnotes":""},"class_list":["post-269","page","type-page","status-publish","hentry"],"aioseo_notices":[],"_links":{"self":[{"href":"https:\/\/cadencedudesert.com\/index.php?rest_route=\/wp\/v2\/pages\/269","targetHints":{"allow":["GET"]}}],"collection":[{"href":"https:\/\/cadencedudesert.com\/index.php?rest_route=\/wp\/v2\/pages"}],"about":[{"href":"https:\/\/cadencedudesert.com\/index.php?rest_route=\/wp\/v2\/types\/page"}],"author":[{"embeddable":true,"href":"https:\/\/cadencedudesert.com\/index.php?rest_route=\/wp\/v2\/users\/1"}],"replies":[{"embeddable":true,"href":"https:\/\/cadencedudesert.com\/index.php?rest_route=%2Fwp%2Fv2%2Fcomments&post=269"}],"version-history":[{"count":13,"href":"https:\/\/cadencedudesert.com\/index.php?rest_route=\/wp\/v2\/pages\/269\/revisions"}],"predecessor-version":[{"id":1642,"href":"https:\/\/cadencedudesert.com\/index.php?rest_route=\/wp\/v2\/pages\/269\/revisions\/1642"}],"wp:attachment":[{"href":"https:\/\/cadencedudesert.com\/index.php?rest_route=%2Fwp%2Fv2%2Fmedia&parent=269"}],"curies":[{"name":"wp","href":"https:\/\/api.w.org\/{rel}","templated":true}]}}