{"id":374,"date":"2023-09-27T16:18:20","date_gmt":"2023-09-27T14:18:20","guid":{"rendered":"https:\/\/cadencedudesert.wordpress.com\/?page_id=374"},"modified":"2023-12-27T18:39:23","modified_gmt":"2023-12-27T17:39:23","slug":"treks-sur-mesure","status":"publish","type":"page","link":"https:\/\/cadencedudesert.com\/?page_id=374","title":{"rendered":"Treks sur-mesure"},"content":{"rendered":"\n<div class=\"wp-block-columns is-layout-flex wp-container-core-columns-is-layout-9d6595d7 wp-block-columns-is-layout-flex\">\n<div class=\"wp-block-column is-layout-flow wp-block-column-is-layout-flow\" style=\"flex-basis:66.66%\">\n<p class=\"has-medium-brown-color has-text-color has-link-color wp-elements-003e2412f2d8fc930e2c073e911424b8\">Construisez votre trek sur mesure, adapt\u00e9 \u00e0 vos envies et disponibilit\u00e9s<\/p>\n\n\n\n<p class=\"has-medium-brown-color has-text-color has-link-color wp-elements-a2755a0c0e238a2d55cbd6c6704a27e9\">Personnalisez int\u00e9gralement votre trek :<\/p>\n\n\n\n<ul class=\"has-medium-brown-color has-text-color has-link-color has-small-font-size wp-block-list wp-elements-2de5eedc6d15967c86f647484955e593\">\n<li style=\"font-size:14px\">Nombre de jours<\/li>\n\n\n\n<li style=\"font-size:14px\">Difficult\u00e9<\/li>\n\n\n\n<li style=\"font-size:14px\">Nombre de participants<\/li>\n\n\n\n<li style=\"font-size:14px\">Souhaits particuliers<\/li>\n<\/ul>\n\n\n\n<p class=\"has-medium-brown-color has-text-color has-link-color wp-elements-985e2e229fbf4b0ba9b062ed5fcd3c2b\" style=\"font-size:15px\">Contactez nous pour construire ensemble le voyage dont vous imaginez.: cadencedudesert@gmail.com ou sur notre page contact<\/p>\n<\/div>\n\n\n\n<div class=\"wp-block-column is-layout-flow wp-block-column-is-layout-flow\" style=\"flex-basis:33.33%\">\n<figure class=\"wp-block-image size-large\"><img decoding=\"async\" src=\"https:\/\/cadencedudesert.com\/wp-content\/uploads\/2023\/12\/IMG-20231215-WA0030-2-768x1024.jpg\" alt=\"\" class=\"wp-image-1309\"\/><\/figure>\n<\/div>\n<\/div>\n","protected":false},"excerpt":{"rendered":"<p>Construisez votre trek sur mesure, adapt\u00e9 \u00e0 vos envies et disponibilit\u00e9s Personnalisez int\u00e9gralement votre trek : Contactez nous pour construire ensemble le voyage dont vous imaginez.: cadencedudesert@gmail.com ou sur notre page contact<\/p>\n","protected":false},"author":1,"featured_media":0,"parent":0,"menu_order":0,"comment_status":"closed","ping_status":"closed","template":"","meta":{"footnotes":""},"class_list":["post-374","page","type-page","status-publish","hentry"],"aioseo_notices":[],"_links":{"self":[{"href":"https:\/\/cadencedudesert.com\/index.php?rest_route=\/wp\/v2\/pages\/374","targetHints":{"allow":["GET"]}}],"collection":[{"href":"https:\/\/cadencedudesert.com\/index.php?rest_route=\/wp\/v2\/pages"}],"about":[{"href":"https:\/\/cadencedudesert.com\/index.php?rest_route=\/wp\/v2\/types\/page"}],"author":[{"embeddable":true,"href":"https:\/\/cadencedudesert.com\/index.php?rest_route=\/wp\/v2\/users\/1"}],"replies":[{"embeddable":true,"href":"https:\/\/cadencedudesert.com\/index.php?rest_route=%2Fwp%2Fv2%2Fcomments&post=374"}],"version-history":[{"count":8,"href":"https:\/\/cadencedudesert.com\/index.php?rest_route=\/wp\/v2\/pages\/374\/revisions"}],"predecessor-version":[{"id":1499,"href":"https:\/\/cadencedudesert.com\/index.php?rest_route=\/wp\/v2\/pages\/374\/revisions\/1499"}],"wp:attachment":[{"href":"https:\/\/cadencedudesert.com\/index.php?rest_route=%2Fwp%2Fv2%2Fmedia&parent=374"}],"curies":[{"name":"wp","href":"https:\/\/api.w.org\/{rel}","templated":true}]}}