{"id":497,"date":"2023-09-28T16:22:38","date_gmt":"2023-09-28T14:22:38","guid":{"rendered":"https:\/\/cadencedudesert.wordpress.com\/?page_id=497"},"modified":"2024-02-04T10:08:38","modified_gmt":"2024-02-04T09:08:38","slug":"sur-les-traces-des-bedouins-5j-4n-4x4","status":"publish","type":"page","link":"https:\/\/cadencedudesert.com\/?page_id=497","title":{"rendered":"Sur les traces des b\u00e9douins 5J\/4N (4&#215;4)"},"content":{"rendered":"\n<p class=\"has-medium-brown-color has-text-color has-link-color wp-elements-09e5d94c6bc2df3877ce2e03a25f365a\" style=\"font-size:14px\"><strong>Ce trek court  mais authentique vous emm\u00e8nera vers des paysages majestueux avec \u00e0 la cl\u00e9 un coucher de soleil du haut de la grande dune, l&#8217;Erg Zahar. <\/strong><\/p>\n\n\n\n<div class=\"wp-block-columns is-layout-flex wp-container-core-columns-is-layout-9d6595d7 wp-block-columns-is-layout-flex\">\n<div class=\"wp-block-column is-layout-flow wp-block-column-is-layout-flow\">\n<figure class=\"wp-block-image size-large is-resized\"><img loading=\"lazy\" decoding=\"async\" width=\"1218\" height=\"1824\" src=\"http:\/\/cadencedudesert.com\/wp-content\/uploads\/2023\/10\/img-20230621-wa0003.jpg?w=684\" alt=\"\" class=\"wp-image-653\" style=\"width:296px;height:auto\" srcset=\"https:\/\/cadencedudesert.com\/wp-content\/uploads\/2023\/10\/img-20230621-wa0003.jpg 1218w, https:\/\/cadencedudesert.com\/wp-content\/uploads\/2023\/10\/img-20230621-wa0003-200x300.jpg 200w, https:\/\/cadencedudesert.com\/wp-content\/uploads\/2023\/10\/img-20230621-wa0003-684x1024.jpg 684w, https:\/\/cadencedudesert.com\/wp-content\/uploads\/2023\/10\/img-20230621-wa0003-768x1150.jpg 768w, https:\/\/cadencedudesert.com\/wp-content\/uploads\/2023\/10\/img-20230621-wa0003-1026x1536.jpg 1026w\" sizes=\"auto, (max-width: 709px) 85vw, (max-width: 909px) 67vw, (max-width: 1362px) 62vw, 840px\" \/><\/figure>\n<\/div>\n\n\n\n<div class=\"wp-block-column is-layout-flow wp-block-column-is-layout-flow\">\n<ul class=\"has-medium-brown-color has-text-color has-link-color wp-block-list wp-elements-c4f0ac89be331e500a15088aca4ce2f2\">\n<li style=\"font-size:14px\">Niveau interm\u00e9diaire (4 \u00e0 5h de marche par jour)<\/li>\n\n\n\n<li style=\"font-size:14px\">1 nuit en bivouac fixe, tout confort<\/li>\n\n\n\n<li style=\"font-size:14px\">3 nuits en bivouac sauvage sous les tentes nomades<\/li>\n\n\n\n<li style=\"font-size:14px\">4 jours \u00e0 pied<\/li>\n\n\n\n<li style=\"font-size:14px\">Adapt\u00e9 aux familles, accessible aux enfants d\u00e8s 5 ans ou pour ceux ayant des difficult\u00e9s \u00e0 marcher (avec dromadaire de selle)<\/li>\n\n\n\n<li style=\"font-size:14px\">Retour en 4&#215;4<\/li>\n<\/ul>\n\n\n\n<div class=\"wp-block-file\"><a id=\"wp-block-file--media-2596a207-e55e-4802-9c47-44be024672e8\" href=\"https:\/\/cadencedudesert.com\/wp-content\/uploads\/2024\/02\/FicheDetaillee5J4N-4X4.pdf\">FicheDetaillee5J4N-4X4<\/a><\/div>\n\n\n\n<p class=\"has-medium-brown-color has-text-color\" style=\"font-size:15px\">Une question : cadencedudesert@gmail.com ou sur notre page contact<\/p>\n<\/div>\n<\/div>\n\n\n\n<p class=\"has-medium-brown-color has-text-color has-link-color wp-elements-d422fd0f0affa3d39b5ba25ab2609098\" style=\"font-size:14px\">Jour 1 \u2013 au d\u00e9part de Marrakech, de Ouarzazate, d&#8217;\u2019Agadir ou de M&#8217;hamid<\/p>\n\n\n\n<p class=\"has-medium-brown-color has-text-color has-link-color wp-elements-0ab5f16df0d2038e573afd87bb2620a6\" style=\"font-size:14px\">En quittant Marrakech, vous traverserez les montagnes du haut Atlas et des villages berb\u00e8res, une exp\u00e9rience authentique et riches en d\u00e9couvertes culturelles. Vous passerez le col de Tizi n\u2019Tichka , Ensuite vous vous arr\u00eaterez \u00e0 la Kasbah Ait Benhadou, l\u2019un des sites class\u00e9s au patrimoine mondial de l\u2019Unesco.<\/p>\n\n\n\n<p class=\"has-medium-brown-color has-text-color has-link-color wp-elements-349b76c34895b81714a1340a023bd980\" style=\"font-size:14px\">Votre voyage se poursuivra \u00e0 travers la vall\u00e9e du Draa, une oasis pittoresque parsem\u00e9e de palmeraies et d\u2019anciennes kasbah. A l\u2019approche de M\u2019hamid El Ghizlande, la route s\u2019\u00e9loigne entour\u00e9e de vastes \u00e9tendues d\u00e9sertiques vous voil\u00e0 aux portes du d\u00e9sert.<\/p>\n\n\n\n<p class=\"has-medium-brown-color has-text-color has-link-color wp-elements-167d914b9b7b737d4d9771e01ded36d0\" style=\"font-size:14px\">Vous arriverez le soir au bivouac fixe<\/p>\n\n\n\n<p class=\"has-medium-brown-color has-text-color has-link-color wp-elements-6846c55f615f1478d1cf5b5dbdab80aa\" style=\"font-size:14px\">Jour 2<\/p>\n\n\n\n<p class=\"has-medium-brown-color has-text-color has-link-color wp-elements-dfccaca571418d0b6ef23be419f89fde\" style=\"font-size:14px\">Au lever du soleil, vous vous dirigerez vers Ait Ounir.<\/p>\n\n\n\n<p class=\"has-medium-brown-color has-text-color has-link-color wp-elements-748b154560ddfee268eff457c263d1e6\" style=\"font-size:14px\">En passant par la vall\u00e9e du Draa, vous pourrez observer les dromadaires dans leur habitat naturel. C\u2019est l\u2019occasion de d\u00e9couvrir la culture et le mode de vie des nomades.<\/p>\n\n\n\n<p class=\"has-medium-brown-color has-text-color has-link-color wp-elements-3b29a635e79e7914f14f12abd9618887\" style=\"font-size:14px\">Jour 3<\/p>\n\n\n\n<p class=\"has-medium-brown-color has-text-color has-link-color wp-elements-5be61634b32bea4d9f17077b7bb7d0f9\" style=\"font-size:14px\">Cette nouvelle journ\u00e9e, vous conduira vers l\u2019Erg Smar, sur les traces d\u2019anciennes habitations nomades . En soir\u00e9e une pourrez faire une balade pour rejoindre le puit ou nos dromadaires iront s\u2019abreuver. Ce sera l\u2019occasion d\u2019une douche naturelle pour vous rafra\u00eechir.<\/p>\n\n\n\n<p class=\"has-medium-brown-color has-text-color has-link-color wp-elements-8f1da260f7c5009ddd3a98236456d867\" style=\"font-size:14px\">Jour 4<\/p>\n\n\n\n<p class=\"has-medium-brown-color has-text-color has-link-color wp-elements-76c5054a548d2d03e2979c9ed119cd64\" style=\"font-size:14px\">Aujourd\u2019hui, notre destination sera l\u2019Erg Zahar. La randonn\u00e9e commence t\u00f4t le matin afin que vous puissiez explorer ces charmantes dunes de sable. Avant le d\u00e9licieux diner qui vous attend aupr\u00e8s du feu, vous aurez l\u2019occasion de profiter du magnifique coucher de soleil au sommet de la grande dune.<\/p>\n\n\n\n<p class=\"has-medium-brown-color has-text-color has-link-color wp-elements-cbdfe5e217040433a9db027aaba11e7f\" style=\"font-size:14px\">Lorsque la nuit arrive, vous pouvez choisir de le passer sous les \u00e9toiles, admirer le ciel brillant et profiter de la paix et de la tranquillit\u00e9 que ce lieu magnifique vous offre.<\/p>\n\n\n\n<p class=\"has-medium-brown-color has-text-color has-link-color wp-elements-8667422a1ca88dea2c03fdcb38dbeaea\" style=\"font-size:14px\">Jour 5&nbsp;: retour 4&#215;4<\/p>\n\n\n\n<p class=\"has-medium-brown-color has-text-color has-link-color wp-elements-e339d8237be7d8c5395a36dfed4788ad\" style=\"font-size:14px\">Apr\u00e8s un dernier petit d\u00e9jeuner dans le d\u00e9sert, nous retournons vers le bivouac fixe en 4X4 ou nous pourrons se doucher.<\/p>\n\n\n\n<p class=\"has-medium-brown-color has-text-color has-link-color wp-elements-5aac6648eee9754a25f35b6db84ad672\" style=\"font-size:14px\">Avant de prendre la route pour Marrakech, Ouarzazate ou Agadir, un dernier th\u00e9 vous sera servi et pour profiter des derniers moments dans le d\u00e9sert.<\/p>\n","protected":false},"excerpt":{"rendered":"<p>Ce trek court mais authentique vous emm\u00e8nera vers des paysages majestueux avec \u00e0 la cl\u00e9 un coucher de soleil du haut de la grande dune, l&#8217;Erg Zahar. Une question : cadencedudesert@gmail.com ou sur notre page contact Jour 1 \u2013 au d\u00e9part de Marrakech, de Ouarzazate, d&#8217;\u2019Agadir ou de M&#8217;hamid En quittant Marrakech, vous traverserez les &hellip; <a href=\"https:\/\/cadencedudesert.com\/?page_id=497\" class=\"more-link\">Continue reading<span class=\"screen-reader-text\"> &#8220;Sur les traces des b\u00e9douins 5J\/4N (4&#215;4)&#8221;<\/span><\/a><\/p>\n","protected":false},"author":1,"featured_media":0,"parent":0,"menu_order":0,"comment_status":"closed","ping_status":"closed","template":"","meta":{"footnotes":""},"class_list":["post-497","page","type-page","status-publish","hentry"],"aioseo_notices":[],"_links":{"self":[{"href":"https:\/\/cadencedudesert.com\/index.php?rest_route=\/wp\/v2\/pages\/497","targetHints":{"allow":["GET"]}}],"collection":[{"href":"https:\/\/cadencedudesert.com\/index.php?rest_route=\/wp\/v2\/pages"}],"about":[{"href":"https:\/\/cadencedudesert.com\/index.php?rest_route=\/wp\/v2\/types\/page"}],"author":[{"embeddable":true,"href":"https:\/\/cadencedudesert.com\/index.php?rest_route=\/wp\/v2\/users\/1"}],"replies":[{"embeddable":true,"href":"https:\/\/cadencedudesert.com\/index.php?rest_route=%2Fwp%2Fv2%2Fcomments&post=497"}],"version-history":[{"count":4,"href":"https:\/\/cadencedudesert.com\/index.php?rest_route=\/wp\/v2\/pages\/497\/revisions"}],"predecessor-version":[{"id":1658,"href":"https:\/\/cadencedudesert.com\/index.php?rest_route=\/wp\/v2\/pages\/497\/revisions\/1658"}],"wp:attachment":[{"href":"https:\/\/cadencedudesert.com\/index.php?rest_route=%2Fwp%2Fv2%2Fmedia&parent=497"}],"curies":[{"name":"wp","href":"https:\/\/api.w.org\/{rel}","templated":true}]}}