{"id":516,"date":"2023-09-28T17:35:06","date_gmt":"2023-09-28T15:35:06","guid":{"rendered":"https:\/\/cadencedudesert.wordpress.com\/?page_id=516"},"modified":"2025-08-17T17:30:05","modified_gmt":"2025-08-17T15:30:05","slug":"guide-de-voyage","status":"publish","type":"page","link":"https:\/\/cadencedudesert.com\/?page_id=516","title":{"rendered":"Guide de voyage"},"content":{"rendered":"\n<h2 class=\"wp-block-heading has-medium-brown-color has-text-color has-link-color wp-elements-706fdd6a70a20c8ecd474e5d1e83d1a1\">Visa et formalit\u00e9s<\/h2>\n\n\n\n<p class=\"has-medium-brown-color has-text-color has-link-color has-small-font-size wp-elements-2fe2160b1a1be8e6ab11dbea1a54dffd\">Pour les ressortissants europ\u00e9ens, aucun visa n\u2019est exig\u00e9.  Vous devez avoir un passeport en cours de validit\u00e9&nbsp;<strong>valable au minimum jusqu&#8217;\u00e0 la fin de votre s\u00e9jour<\/strong>e. Le visa touristique d\u2019une validit\u00e9 de 3 mois vous sera automatiquement accord\u00e9 \u00e0 l\u2019entr\u00e9e au Maroc.<\/p>\n\n\n\n<h2 class=\"wp-block-heading has-medium-brown-color has-text-color has-link-color wp-elements-407f84923b6740432a4462986f8dbd41\">Sant\u00e9<\/h2>\n\n\n\n<p class=\"has-medium-brown-color has-text-color has-link-color has-small-font-size wp-elements-b2e8c333f049aae7c85d001388fd77c1\">Aucun vaccin n\u2019est obligatoire pour le Maroc.<\/p>\n\n\n\n<p class=\"has-medium-brown-color has-text-color has-link-color has-small-font-size wp-elements-5e63140a591270c8d6221d775a8195d1\">V\u00e9rifiez cependant que vous \u00eates \u00e0 jour de vos rappels pr\u00e9vus dans le calendrier vaccinal, en particulier l\u2019h\u00e9patite A.<\/p>\n\n\n\n<p class=\"has-medium-brown-color has-text-color has-link-color has-small-font-size wp-elements-7e77bb76fcee58a30a235c174c7a8c21\">Les vaccins suivants sont recommand\u00e9s en cas de s\u00e9jours longs ou r\u00e9p\u00e9t\u00e9s&nbsp;: H\u00e9patite B, Typho\u00efde, Rage.<\/p>\n\n\n\n<p class=\"has-medium-brown-color has-text-color has-link-color has-small-font-size wp-elements-64ed711c00564fb684ba93fe8486c898\">Si vous devez recourir \u00e0 des frais m\u00e9dicaux ( hospitalisation ou rendez-vous m\u00e9dical) demandez une facture, vous pourrez via le site Ameli demandez le remboursement une fois de retour en France.<\/p>\n\n\n\n<h2 class=\"wp-block-heading has-medium-brown-color has-text-color has-link-color wp-elements-147e27cb4796cc68a3b049b9c660b65b\">Argent, change<\/h2>\n\n\n\n<p class=\"has-medium-brown-color has-text-color has-link-color has-small-font-size wp-elements-50c5ccfc19f74385363cbab14bf58862\">La monnaie nationale est le Dirham marocain (MAD).<\/p>\n\n\n\n<p class=\"has-medium-brown-color has-text-color has-link-color has-small-font-size wp-elements-ae73b49604b0db183cdefb07ab2f107e\">Carte de cr\u00e9dit : la carte de cr\u00e9dit est accept\u00e9e dans toutes les grandes villes o\u00f9 on trouve \u00e9galement des distributeurs de billets. <br>mais attention aux frais de commission&nbsp;!!!<\/p>\n\n\n\n<p class=\"has-medium-brown-color has-text-color has-link-color has-small-font-size wp-elements-627a64480d0bbb3a471c5044b0d298e7\"> La majorit\u00e9 des transactions se fait en liquide, apr\u00e8s l\u2019incontournable marchandage. \u2026<\/p>\n\n\n\n<p class=\"has-medium-brown-color has-text-color has-link-color has-small-font-size wp-elements-b39849c909cc2e7ac5998c14d21e1671\">Change&nbsp;: le change se fait dans les a\u00e9roports, les banques, les bureaux de change (notamment place Jemaa El fna)  ou certains h\u00f4tels. Le taux de change est de 10 MAD pour 1 euro. Le Dirham marocain n\u2019est pas exportable en dehors des fronti\u00e8res. Pensez \u00e0 changer vos dirhams qui vous restent avant votre d\u00e9part.<\/p>\n\n\n\n<h2 class=\"wp-block-heading has-medium-brown-color has-text-color has-link-color wp-elements-d84efd5d44c114c3b80b775c77237c8c\">Assurance<\/h2>\n\n\n\n<p class=\"has-medium-brown-color has-text-color has-link-color has-small-font-size wp-elements-42ed2904d4213b9ed4186b1ad3ef2df7\">Souscrire \u00e0 une <strong>assurance rapatriement m\u00e9dical &amp; assistance<\/strong> avant votre arriv\u00e9e au Maroc<\/p>\n\n\n\n<p class=\"has-medium-brown-color has-text-color has-link-color has-small-font-size wp-elements-ee11236a9e9877a090cd397e29fa424a\">(Certains contrats d\u2019assurances habitations, assurances civiles et certaines cartes bancaires les int\u00e8grent)<\/p>\n\n\n\n<h2 class=\"wp-block-heading has-medium-brown-color has-text-color has-link-color wp-elements-e06dd3392bd933b964054b7993038867\">Pourboire<\/h2>\n\n\n\n<p class=\"has-medium-brown-color has-text-color has-link-color has-small-font-size wp-elements-b6643373b0390694b6e78b40f242a7ba\">Il est d\u2019usage au Maroc de laisser un pourboire en remerciement d\u2019un service dont vous \u00eates satisfaits. C\u2019est un geste non obligatoire mais qui fait partie int\u00e9grante de la culture. Il participe au revenu des acteurs du tourisme et sera appr\u00e9ci\u00e9 par l\u2019\u00e9quipe chameli\u00e8re.<\/p>\n\n\n\n<p class=\"has-medium-brown-color has-text-color has-link-color has-small-font-size wp-elements-1b03c20dae62d7692687e42c13984ac6\"><br>C\u2019est aussi un compl\u00e9ment de salaire (et une reconnaissance de leur travail) tr\u00e8s utile pour les nomades et leurs familles.<\/p>\n\n\n\n<p class=\"has-medium-brown-color has-text-color has-link-color has-small-font-size wp-elements-67067a40e306e1d23de93d6b13f097f2\">Le montant recommand\u00e9 de 10% du prix du s\u00e9jour, il prend en compte le niveau de vie pour ne pas perturber l\u2019\u00e9conomie locale et est \u00e0 adapter selon votre satisfaction.<\/p>\n\n\n\n<h2 class=\"wp-block-heading has-medium-brown-color has-text-color has-link-color wp-elements-e9ac964ed6ee48c2ae41f433232b331d\">M&#8217;hamid El Ghizlane<\/h2>\n\n\n\n<figure class=\"wp-block-image size-full is-resized\"><img loading=\"lazy\" decoding=\"async\" width=\"1024\" height=\"768\" src=\"http:\/\/cadencedudesert.com\/wp-content\/uploads\/2023\/12\/IMG-20231215-WA0152.jpg\" alt=\"\" class=\"wp-image-1262\" style=\"aspect-ratio:1.3333333333333333;width:492px;height:auto\" srcset=\"https:\/\/cadencedudesert.com\/wp-content\/uploads\/2023\/12\/IMG-20231215-WA0152.jpg 1024w, https:\/\/cadencedudesert.com\/wp-content\/uploads\/2023\/12\/IMG-20231215-WA0152-300x225.jpg 300w, https:\/\/cadencedudesert.com\/wp-content\/uploads\/2023\/12\/IMG-20231215-WA0152-768x576.jpg 768w\" sizes=\"auto, (max-width: 709px) 85vw, (max-width: 909px) 67vw, (max-width: 1362px) 62vw, 840px\" \/><\/figure>\n\n\n\n<p class=\"has-medium-brown-color has-text-color has-link-color has-small-font-size wp-elements-d5013bdf6da70f93d134968792c9fd48\">M\u2019Hamid se situe \u00e0 l\u2019extr\u00e9mit\u00e9 sud-est du Maroc, aux portes du d\u00e9sert. C\u2019est la derni\u00e8re des oasis de la vall\u00e9e du Dr\u00e2a avant de p\u00e9n\u00e9trer au c\u0153ur de l\u2019immensit\u00e9 aride de la Hamada. Avis aux voyageurs, M\u2019Hamid est un point de d\u00e9part id\u00e9al pour de nombreuses randonn\u00e9es ! Vous pourrez partir \u00e0 la d\u00e9couverte des plateaux d\u00e9sertiques du Sahara, ou encore prendre la route des mille kasbah qui vous conduira au c\u0153ur des vall\u00e9es et des gorges verdoyantes du Dr\u00e2a\u2026<\/p>\n\n\n\n<p class=\"has-medium-brown-color has-text-color has-link-color has-small-font-size wp-elements-39dcf45a549278f3e78eb45774299102\">M&#8217;hamid se situe \u00e0 450 kms de Marrakech (8h00 de trajet sans les pauses) , \u00e0 250 km de Ouarzazate (4h de trajet) et \u00e0 560 km d&#8217;Agadir (7h45 de trajet). Sa signification est \u00ab\u00a0la plaine des gazelles\u00a0\u00bb.<\/p>\n\n\n\n<p class=\"has-medium-brown-color has-text-color has-link-color has-small-font-size wp-elements-afcd4d66f4756787c353a626271b6706\">En arrivant \u00e0 Mhamid El Ghizlane, vous \u00eates au bout du bout de la route, c&#8217;est le dernier village avant le grand Sahara, vous continuerez \u00e0 pied, ou \u00e0 dos de dromadaire. Ce d\u00e9sert est impressionnant, model\u00e9 par le soleil et le vent. <\/p>\n\n\n\n<p class=\"has-medium-brown-color has-text-color has-link-color has-small-font-size wp-elements-60f7b6d2589bc856e91f6b5ba18bdbad\">Chaque ann\u00e9e, se d\u00e9roule \u00e0 M&#8217;Hamid El Ghizlane le Festival international des nomades (en mars).  Depuis 2009, le festival \u00ab&nbsp;Taragalte, Sahara et Culture&nbsp;\u00bb s&#8217;y tient \u00e9galement (fin octobre &#8211; d\u00e9but novembre). Ces manifestations sont li\u00e9es \u00e0 l&#8217;ancienne situation de carrefour culturel de M&#8217;Hamid El Ghizlane, qui accueillait des&nbsp;nomades.<\/p>\n\n\n\n<p class=\"has-medium-brown-color has-text-color has-link-color has-medium-font-size wp-elements-554f8b4aef8bddd8e22f29658867fee6\">Temp\u00e9ratures moyennes max\/min dans le d\u00e9sert, en \u00b0C<\/p>\n\n\n\n<figure class=\"wp-block-table\"><table class=\"has-medium-brown-color has-text-color has-link-color\"><tbody><tr><td>Sept.<\/td><td>Oct.<\/td><td>Nov.<\/td><td>D\u00e9c.<\/td><td>Janv.<\/td><td>F\u00e9vr.<\/td><td>Mars<\/td><td>Avril<\/td><td>Mai<\/td><\/tr><tr><td>32\/18<\/td><td>25\/8<\/td><td>22\/7<\/td><td>18\/0<\/td><td>20\/0<\/td><td>23\/6<\/td><td>25\/10<\/td><td>28\/12<\/td><td>33\/17<\/td><\/tr><\/tbody><\/table><\/figure>\n\n\n\n<p class=\"has-medium-brown-color has-text-color has-link-color has-small-font-size wp-elements-4a4413890e1c12462e643e3bda7562a2\"><br><\/p>\n\n\n\n<div class=\"wp-block-columns is-layout-flex wp-container-core-columns-is-layout-9d6595d7 wp-block-columns-is-layout-flex\">\n<div class=\"wp-block-column is-layout-flow wp-block-column-is-layout-flow\">\n<figure class=\"wp-block-image size-full\"><img loading=\"lazy\" decoding=\"async\" width=\"768\" height=\"1024\" src=\"http:\/\/cadencedudesert.com\/wp-content\/uploads\/2023\/12\/IMG-20231215-WA0162.jpg\" alt=\"\" class=\"wp-image-1297\" srcset=\"https:\/\/cadencedudesert.com\/wp-content\/uploads\/2023\/12\/IMG-20231215-WA0162.jpg 768w, https:\/\/cadencedudesert.com\/wp-content\/uploads\/2023\/12\/IMG-20231215-WA0162-225x300.jpg 225w\" sizes=\"auto, (max-width: 768px) 85vw, 768px\" \/><\/figure>\n<\/div>\n\n\n\n<div class=\"wp-block-column is-layout-flow wp-block-column-is-layout-flow\">\n<figure class=\"wp-block-image size-full\"><img loading=\"lazy\" decoding=\"async\" width=\"768\" height=\"1024\" src=\"http:\/\/cadencedudesert.com\/wp-content\/uploads\/2023\/12\/IMG-20231215-WA0158.jpg\" alt=\"\" class=\"wp-image-1268\" srcset=\"https:\/\/cadencedudesert.com\/wp-content\/uploads\/2023\/12\/IMG-20231215-WA0158.jpg 768w, https:\/\/cadencedudesert.com\/wp-content\/uploads\/2023\/12\/IMG-20231215-WA0158-225x300.jpg 225w\" sizes=\"auto, (max-width: 768px) 85vw, 768px\" \/><\/figure>\n<\/div>\n<\/div>\n","protected":false},"excerpt":{"rendered":"<p>Visa et formalit\u00e9s Pour les ressortissants europ\u00e9ens, aucun visa n\u2019est exig\u00e9. Vous devez avoir un passeport en cours de validit\u00e9&nbsp;valable au minimum jusqu&#8217;\u00e0 la fin de votre s\u00e9joure. Le visa touristique d\u2019une validit\u00e9 de 3 mois vous sera automatiquement accord\u00e9 \u00e0 l\u2019entr\u00e9e au Maroc. Sant\u00e9 Aucun vaccin n\u2019est obligatoire pour le Maroc. V\u00e9rifiez cependant que &hellip; <a href=\"https:\/\/cadencedudesert.com\/?page_id=516\" class=\"more-link\">Continue reading<span class=\"screen-reader-text\"> &#8220;Guide de voyage&#8221;<\/span><\/a><\/p>\n","protected":false},"author":1,"featured_media":0,"parent":0,"menu_order":0,"comment_status":"closed","ping_status":"closed","template":"","meta":{"footnotes":""},"class_list":["post-516","page","type-page","status-publish","hentry"],"aioseo_notices":[],"_links":{"self":[{"href":"https:\/\/cadencedudesert.com\/index.php?rest_route=\/wp\/v2\/pages\/516","targetHints":{"allow":["GET"]}}],"collection":[{"href":"https:\/\/cadencedudesert.com\/index.php?rest_route=\/wp\/v2\/pages"}],"about":[{"href":"https:\/\/cadencedudesert.com\/index.php?rest_route=\/wp\/v2\/types\/page"}],"author":[{"embeddable":true,"href":"https:\/\/cadencedudesert.com\/index.php?rest_route=\/wp\/v2\/users\/1"}],"replies":[{"embeddable":true,"href":"https:\/\/cadencedudesert.com\/index.php?rest_route=%2Fwp%2Fv2%2Fcomments&post=516"}],"version-history":[{"count":9,"href":"https:\/\/cadencedudesert.com\/index.php?rest_route=\/wp\/v2\/pages\/516\/revisions"}],"predecessor-version":[{"id":2237,"href":"https:\/\/cadencedudesert.com\/index.php?rest_route=\/wp\/v2\/pages\/516\/revisions\/2237"}],"wp:attachment":[{"href":"https:\/\/cadencedudesert.com\/index.php?rest_route=%2Fwp%2Fv2%2Fmedia&parent=516"}],"curies":[{"name":"wp","href":"https:\/\/api.w.org\/{rel}","templated":true}]}}