{"id":684,"date":"2023-10-10T17:02:29","date_gmt":"2023-10-10T15:02:29","guid":{"rendered":"https:\/\/cadencedudesert.wordpress.com\/?page_id=684"},"modified":"2025-12-20T19:56:06","modified_gmt":"2025-12-20T18:56:06","slug":"trek-yoga","status":"publish","type":"page","link":"https:\/\/cadencedudesert.com\/?page_id=684","title":{"rendered":"Treks Yoga"},"content":{"rendered":"\n<p><\/p>\n\n\n\n<div class=\"wp-block-columns is-layout-flex wp-container-core-columns-is-layout-9d6595d7 wp-block-columns-is-layout-flex\">\n<div class=\"wp-block-column is-layout-flow wp-block-column-is-layout-flow\" style=\"flex-basis:390px\">\n<p class=\"has-medium-brown-color has-text-color has-link-color wp-elements-cf45e240da95855c6cec72bc57876274\" style=\"font-size:14px\">Le d\u00e9sert vous offre des paysages enchanteurs et grandioses. Nous offrons aux professeurs de yoga une opportunit\u00e9 unique et passionnante dans le d\u00e9sert du Sahara. Les professeurs enseignent les techniques de yoga en plein air que ce soit sur les dunes ou sous les \u00e9toiles. Il offre aux participants l&#8217;occasion de se ressourcer, de contempler la nature enchanteresse, de partager un moment de reconnexion \u00e0 soi et au monde tranquille qui nous entoure. Des s\u00e9ances de yoga matinales, des exercices bas\u00e9s sur la nature, des cours de m\u00e9ditation peuvent \u00eatre organis\u00e9s.<\/p>\n\n\n\n<p class=\"has-medium-brown-color has-text-color has-link-color wp-elements-c25b2a5c9843a502cf679d61730dde3d\" style=\"font-size:14px\">Vous \u00eates professeur de yoga, contactez nous pour en savoir plus et commencer \u00e0 planifier votre propre voyage dans le d\u00e9sert en compagnie de nos \u00e9quipes. Nous vous attendons pour offrir \u00e0 vous et \u00e0 vos participants une exp\u00e9rience de yoga unique et inoubliable.<\/p>\n\n\n\n<p class=\"has-medium-brown-color has-text-color\" style=\"font-size:15px\">Une question : cadencedudesert@gmail.com ou sur notre page contact<\/p>\n<\/div>\n\n\n\n<div class=\"wp-block-column is-layout-flow wp-block-column-is-layout-flow\">\n<figure class=\"wp-block-image size-large\"><img loading=\"lazy\" decoding=\"async\" width=\"1024\" height=\"1024\" src=\"http:\/\/cadencedudesert.com\/wp-content\/uploads\/2025\/01\/IMG-20240920-WA0001-1024x1024.jpg\" alt=\"\" class=\"wp-image-2112\" srcset=\"https:\/\/cadencedudesert.com\/wp-content\/uploads\/2025\/01\/IMG-20240920-WA0001-1024x1024.jpg 1024w, https:\/\/cadencedudesert.com\/wp-content\/uploads\/2025\/01\/IMG-20240920-WA0001-300x300.jpg 300w, https:\/\/cadencedudesert.com\/wp-content\/uploads\/2025\/01\/IMG-20240920-WA0001-150x150.jpg 150w, https:\/\/cadencedudesert.com\/wp-content\/uploads\/2025\/01\/IMG-20240920-WA0001-768x768.jpg 768w, https:\/\/cadencedudesert.com\/wp-content\/uploads\/2025\/01\/IMG-20240920-WA0001.jpg 1080w\" sizes=\"auto, (max-width: 709px) 85vw, (max-width: 909px) 67vw, (max-width: 1362px) 62vw, 840px\" \/><\/figure>\n<\/div>\n<\/div>\n\n\n\n<figure class=\"wp-block-image size-large is-resized\"><img loading=\"lazy\" decoding=\"async\" width=\"576\" height=\"1024\" src=\"https:\/\/cadencedudesert.com\/wp-content\/uploads\/2025\/12\/IMG-20241028-WA0003-576x1024.jpg\" alt=\"\" class=\"wp-image-2385\" style=\"aspect-ratio:0.75;width:408px;height:auto\" srcset=\"https:\/\/cadencedudesert.com\/wp-content\/uploads\/2025\/12\/IMG-20241028-WA0003-576x1024.jpg 576w, https:\/\/cadencedudesert.com\/wp-content\/uploads\/2025\/12\/IMG-20241028-WA0003-169x300.jpg 169w, https:\/\/cadencedudesert.com\/wp-content\/uploads\/2025\/12\/IMG-20241028-WA0003-768x1365.jpg 768w, https:\/\/cadencedudesert.com\/wp-content\/uploads\/2025\/12\/IMG-20241028-WA0003-864x1536.jpg 864w, https:\/\/cadencedudesert.com\/wp-content\/uploads\/2025\/12\/IMG-20241028-WA0003.jpg 900w\" sizes=\"auto, (max-width: 576px) 85vw, 576px\" \/><\/figure>\n","protected":false},"excerpt":{"rendered":"<p>Le d\u00e9sert vous offre des paysages enchanteurs et grandioses. Nous offrons aux professeurs de yoga une opportunit\u00e9 unique et passionnante dans le d\u00e9sert du Sahara. Les professeurs enseignent les techniques de yoga en plein air que ce soit sur les dunes ou sous les \u00e9toiles. Il offre aux participants l&#8217;occasion de se ressourcer, de contempler &hellip; <a href=\"https:\/\/cadencedudesert.com\/?page_id=684\" class=\"more-link\">Continue reading<span class=\"screen-reader-text\"> &#8220;Treks Yoga&#8221;<\/span><\/a><\/p>\n","protected":false},"author":1,"featured_media":0,"parent":0,"menu_order":0,"comment_status":"closed","ping_status":"closed","template":"","meta":{"footnotes":""},"class_list":["post-684","page","type-page","status-publish","hentry"],"aioseo_notices":[],"_links":{"self":[{"href":"https:\/\/cadencedudesert.com\/index.php?rest_route=\/wp\/v2\/pages\/684","targetHints":{"allow":["GET"]}}],"collection":[{"href":"https:\/\/cadencedudesert.com\/index.php?rest_route=\/wp\/v2\/pages"}],"about":[{"href":"https:\/\/cadencedudesert.com\/index.php?rest_route=\/wp\/v2\/types\/page"}],"author":[{"embeddable":true,"href":"https:\/\/cadencedudesert.com\/index.php?rest_route=\/wp\/v2\/users\/1"}],"replies":[{"embeddable":true,"href":"https:\/\/cadencedudesert.com\/index.php?rest_route=%2Fwp%2Fv2%2Fcomments&post=684"}],"version-history":[{"count":10,"href":"https:\/\/cadencedudesert.com\/index.php?rest_route=\/wp\/v2\/pages\/684\/revisions"}],"predecessor-version":[{"id":2386,"href":"https:\/\/cadencedudesert.com\/index.php?rest_route=\/wp\/v2\/pages\/684\/revisions\/2386"}],"wp:attachment":[{"href":"https:\/\/cadencedudesert.com\/index.php?rest_route=%2Fwp%2Fv2%2Fmedia&parent=684"}],"curies":[{"name":"wp","href":"https:\/\/api.w.org\/{rel}","templated":true}]}}