{"id":743,"date":"2023-09-04T13:02:40","date_gmt":"2023-09-04T12:02:40","guid":{"rendered":"https:\/\/cadencedudesert.wordpress.com\/about\/"},"modified":"2025-10-12T15:38:29","modified_gmt":"2025-10-12T13:38:29","slug":"about","status":"publish","type":"page","link":"https:\/\/cadencedudesert.com\/?page_id=743","title":{"rendered":"\u00c0 propos"},"content":{"rendered":"\n<div class=\"wp-block-group\"><div class=\"wp-block-group__inner-container is-layout-constrained wp-block-group-is-layout-constrained\">\n<div class=\"wp-block-columns is-layout-flex wp-container-core-columns-is-layout-9d6595d7 wp-block-columns-is-layout-flex\">\n<div class=\"wp-block-column is-layout-flow wp-block-column-is-layout-flow\" style=\"flex-basis:100%\">\n<div class=\"wp-block-group\"><div class=\"wp-block-group__inner-container is-layout-constrained wp-block-group-is-layout-constrained\">\n<h2 class=\"wp-block-heading has-medium-brown-color has-text-color has-link-color has-medium-font-size wp-elements-aecc1cc66368929c17ded3715958879a\">Voyages \u00e0 pied, treks et randonn\u00e9es dans le d\u00e9sert Marocain ; Yoga, Yoga du rire et M\u00e9ditations<\/h2>\n<\/div><\/div>\n\n\n\n<p class=\"has-medium-brown-color has-text-color has-link-color wp-elements-7550c520221f2285e6249d65e69c24dd\" style=\"font-size:18px\">\u00ab&nbsp;Parler du d\u00e9sert, ne serait-ce pas, d&#8217;abord, se taire, comme lui, et lui rendre hommage non de nos vains bavardages mais de notre silence&nbsp;\u00bb<\/p>\n\n\n\n<p class=\"has-medium-brown-color has-text-color has-link-color wp-elements-24e23a2efd3b645071c8c23665891841\" style=\"font-size:18px\">Th\u00e9odore Monod, Naturaliste, scientifique (1902 &#8211; 2000)<\/p>\n\n\n\n<div class=\"wp-block-columns is-layout-flex wp-container-core-columns-is-layout-9d6595d7 wp-block-columns-is-layout-flex\">\n<div class=\"wp-block-column is-layout-flow wp-block-column-is-layout-flow\">\n<figure class=\"wp-block-image size-large is-resized\"><img loading=\"lazy\" decoding=\"async\" width=\"768\" height=\"1024\" src=\"http:\/\/cadencedudesert.com\/wp-content\/uploads\/2023\/12\/IMG-20231215-WA0146-768x1024.jpg\" alt=\"\" class=\"wp-image-1259\" style=\"aspect-ratio:0.75;width:251px;height:auto\" srcset=\"https:\/\/cadencedudesert.com\/wp-content\/uploads\/2023\/12\/IMG-20231215-WA0146-768x1024.jpg 768w, https:\/\/cadencedudesert.com\/wp-content\/uploads\/2023\/12\/IMG-20231215-WA0146-225x300.jpg 225w, https:\/\/cadencedudesert.com\/wp-content\/uploads\/2023\/12\/IMG-20231215-WA0146-1152x1536.jpg 1152w, https:\/\/cadencedudesert.com\/wp-content\/uploads\/2023\/12\/IMG-20231215-WA0146.jpg 1200w\" sizes=\"auto, (max-width: 768px) 85vw, 768px\" \/><\/figure>\n<\/div>\n\n\n\n<div class=\"wp-block-column is-layout-flow wp-block-column-is-layout-flow\">\n<figure class=\"wp-block-image size-large is-resized\"><img loading=\"lazy\" decoding=\"async\" width=\"768\" height=\"1024\" src=\"http:\/\/cadencedudesert.com\/wp-content\/uploads\/2023\/12\/IMG-20231215-WA0058-768x1024.jpg\" alt=\"\" class=\"wp-image-1254\" style=\"aspect-ratio:0.75;width:254px;height:auto\" srcset=\"https:\/\/cadencedudesert.com\/wp-content\/uploads\/2023\/12\/IMG-20231215-WA0058-768x1024.jpg 768w, https:\/\/cadencedudesert.com\/wp-content\/uploads\/2023\/12\/IMG-20231215-WA0058-225x300.jpg 225w, https:\/\/cadencedudesert.com\/wp-content\/uploads\/2023\/12\/IMG-20231215-WA0058-1152x1536.jpg 1152w, https:\/\/cadencedudesert.com\/wp-content\/uploads\/2023\/12\/IMG-20231215-WA0058-1200x1600.jpg 1200w, https:\/\/cadencedudesert.com\/wp-content\/uploads\/2023\/12\/IMG-20231215-WA0058.jpg 1536w\" sizes=\"auto, (max-width: 768px) 85vw, 768px\" \/><\/figure>\n<\/div>\n<\/div>\n\n\n\n<div class=\"wp-block-group\"><div class=\"wp-block-group__inner-container is-layout-constrained wp-block-group-is-layout-constrained\">\n<p class=\"has-medium-brown-color has-text-color has-link-color wp-elements-f9a8a767eeca3ff5c85b3e4bef05c1c3\" style=\"font-size:15px\">Cadence du d\u00e9sert organise des voyages priv\u00e9s pour les voyageurs seuls, en couple, en famille, entre amis ou en groupe, au d\u00e9part de Marrakech, Ouarzazate ou de M&#8217;hamid El Ghizlane.<\/p>\n\n\n\n<p class=\"has-medium-brown-color has-text-color has-link-color wp-elements-8f6ea2a346f4c83c312b47a9fbba296f\" style=\"font-size:15px\">Nous organisons des treks classiques \u00e0 la d\u00e9couverte du Sahara mais nous vous proposons aussi des treks sur-mesure, selon vos envies, vos disponibilit\u00e9s.<\/p>\n\n\n\n<div class=\"wp-block-columns is-layout-flex wp-container-core-columns-is-layout-9d6595d7 wp-block-columns-is-layout-flex\">\n<div class=\"wp-block-column is-layout-flow wp-block-column-is-layout-flow\">\n<figure class=\"wp-block-image size-full is-resized\"><img loading=\"lazy\" decoding=\"async\" width=\"768\" height=\"1024\" src=\"http:\/\/cadencedudesert.com\/wp-content\/uploads\/2023\/12\/IMG-20231215-WA0190.jpg\" alt=\"\" class=\"wp-image-1281\" style=\"aspect-ratio:0.75;width:280px;height:auto\" srcset=\"https:\/\/cadencedudesert.com\/wp-content\/uploads\/2023\/12\/IMG-20231215-WA0190.jpg 768w, https:\/\/cadencedudesert.com\/wp-content\/uploads\/2023\/12\/IMG-20231215-WA0190-225x300.jpg 225w\" sizes=\"auto, (max-width: 768px) 85vw, 768px\" \/><\/figure>\n<\/div>\n\n\n\n<div class=\"wp-block-column is-layout-flow wp-block-column-is-layout-flow\">\n<figure class=\"wp-block-image size-full is-resized\"><img loading=\"lazy\" decoding=\"async\" width=\"526\" height=\"1024\" src=\"http:\/\/cadencedudesert.com\/wp-content\/uploads\/2023\/12\/IMG-20231215-WA0189.jpg\" alt=\"\" class=\"wp-image-1280\" style=\"aspect-ratio:0.513671875;width:191px;height:auto\" srcset=\"https:\/\/cadencedudesert.com\/wp-content\/uploads\/2023\/12\/IMG-20231215-WA0189.jpg 526w, https:\/\/cadencedudesert.com\/wp-content\/uploads\/2023\/12\/IMG-20231215-WA0189-154x300.jpg 154w\" sizes=\"auto, (max-width: 526px) 85vw, 526px\" \/><\/figure>\n<\/div>\n<\/div>\n\n\n\n<p class=\"has-medium-brown-color has-text-color has-link-color wp-elements-9e331169316177c2035c62ade3d825f3\" style=\"font-size:15px\">Un trek dans le Sahara marocain, c\u2019est marcher au rythme de la caravane des dromadaires, c\u2019est dormir \u00e0 la belle \u00e9toile au milieu du d\u00e9sert sous un ciel \u00e9toil\u00e9, se retrouver pr\u00e8s du feu de camp pour partager la vie des nomades, ce n\u2019est plus un r\u00eave\u2026 c\u2019est une r\u00e9alit\u00e9.<\/p>\n\n\n\n<p class=\"has-medium-brown-color has-text-color has-link-color wp-elements-850a18f0bb37a5fb70580f87e5f0fe03\" style=\"font-size:15px\">Cadence du d\u00e9sert vous invite \u00e0 vivre une exp\u00e9rience authentique qui rendra votre voyage dans le d\u00e9sert inoubliable et vous donnera l\u2019envie irr\u00e9sistible de revenir. Partir avec nous c\u2019est choisir d\u2019\u00eatre accompagn\u00e9 par des professionnels qu&#8217;ils soient guides, cuisiniers ou chameliers, tous n\u00e9s dans le d\u00e9sert. <\/p>\n\n\n\n<div class=\"wp-block-columns is-layout-flex wp-container-core-columns-is-layout-9d6595d7 wp-block-columns-is-layout-flex\">\n<div class=\"wp-block-column is-layout-flow wp-block-column-is-layout-flow\">\n<p class=\"has-medium-brown-color has-text-color has-link-color wp-elements-46a8e796f8b9f1bad095cab1011d7e55\">Besoin d&#8217;aide pour organiser votre trek, <\/p>\n\n\n\n<p class=\"has-medium-brown-color has-text-color has-link-color wp-elements-607323100e02a0aa51489bbfa32dd00c\">Contactez nous !!<\/p>\n\n\n\n<figure class=\"wp-block-image size-large is-resized\"><img decoding=\"async\" src=\"http:\/\/cadencedudesert.com\/wp-content\/uploads\/2023\/10\/image-9.png?w=604\" alt=\"\" class=\"wp-image-749\" style=\"width:35px;height:auto\"\/><\/figure>\n\n\n\n<p class=\"has-medium-brown-color has-text-color has-link-color has-medium-font-size wp-elements-ab36da6ea90a841b3349f55c4195a24d\"> cadencedudesert@gmail.com <\/p>\n\n\n\n<figure class=\"wp-block-image size-large is-resized\"><img loading=\"lazy\" decoding=\"async\" width=\"105\" height=\"97\" src=\"http:\/\/cadencedudesert.com\/wp-content\/uploads\/2023\/10\/image-4.png?w=105\" alt=\"\" class=\"wp-image-737\" style=\"width:31px;height:auto\"\/><\/figure>\n\n\n\n<p class=\"has-medium-brown-color has-text-color has-link-color has-medium-font-size wp-elements-befdf345bfa17f07a19dcb3399745c18\">+33 673330258<\/p>\n\n\n\n<div class=\"wp-block-columns is-layout-flex wp-container-core-columns-is-layout-9d6595d7 wp-block-columns-is-layout-flex\">\n<div class=\"wp-block-column is-layout-flow wp-block-column-is-layout-flow\" style=\"flex-basis:100%\">\n<figure class=\"wp-block-image size-large is-resized\"><img loading=\"lazy\" decoding=\"async\" width=\"1142\" height=\"952\" src=\"http:\/\/cadencedudesert.com\/wp-content\/uploads\/2023\/10\/capture-decran-2023-09-04-172207.png?w=1024\" alt=\"\" class=\"wp-image-637\" style=\"object-fit:cover;width:600px;height:400px\" srcset=\"https:\/\/cadencedudesert.com\/wp-content\/uploads\/2023\/10\/capture-decran-2023-09-04-172207.png 1142w, https:\/\/cadencedudesert.com\/wp-content\/uploads\/2023\/10\/capture-decran-2023-09-04-172207-300x250.png 300w, https:\/\/cadencedudesert.com\/wp-content\/uploads\/2023\/10\/capture-decran-2023-09-04-172207-1024x854.png 1024w, https:\/\/cadencedudesert.com\/wp-content\/uploads\/2023\/10\/capture-decran-2023-09-04-172207-768x640.png 768w\" sizes=\"auto, (max-width: 709px) 85vw, (max-width: 909px) 67vw, (max-width: 1362px) 62vw, 840px\" \/><\/figure>\n<\/div>\n<\/div>\n<\/div>\n<\/div>\n<\/div><\/div>\n<\/div>\n<\/div>\n<\/div><\/div>\n\n\n\n<figure class=\"wp-block-image size-large\"><img decoding=\"async\" src=\"http:\/\/cadencedudesert.com\/wp-content\/uploads\/2023\/09\/capture-decran-2023-09-28-181140.png?w=425\" alt=\"\" class=\"wp-image-569\"\/><\/figure>\n","protected":false},"excerpt":{"rendered":"<p>Voyages \u00e0 pied, treks et randonn\u00e9es dans le d\u00e9sert Marocain ; Yoga, Yoga du rire et M\u00e9ditations \u00ab&nbsp;Parler du d\u00e9sert, ne serait-ce pas, d&#8217;abord, se taire, comme lui, et lui rendre hommage non de nos vains bavardages mais de notre silence&nbsp;\u00bb Th\u00e9odore Monod, Naturaliste, scientifique (1902 &#8211; 2000) Cadence du d\u00e9sert organise des voyages priv\u00e9s &hellip; <a href=\"https:\/\/cadencedudesert.com\/?page_id=743\" class=\"more-link\">Continue reading<span class=\"screen-reader-text\"> &#8220;\u00c0 propos&#8221;<\/span><\/a><\/p>\n","protected":false},"author":1,"featured_media":0,"parent":0,"menu_order":0,"comment_status":"closed","ping_status":"closed","template":"","meta":{"footnotes":""},"class_list":["post-743","page","type-page","status-publish","hentry"],"aioseo_notices":[],"_links":{"self":[{"href":"https:\/\/cadencedudesert.com\/index.php?rest_route=\/wp\/v2\/pages\/743","targetHints":{"allow":["GET"]}}],"collection":[{"href":"https:\/\/cadencedudesert.com\/index.php?rest_route=\/wp\/v2\/pages"}],"about":[{"href":"https:\/\/cadencedudesert.com\/index.php?rest_route=\/wp\/v2\/types\/page"}],"author":[{"embeddable":true,"href":"https:\/\/cadencedudesert.com\/index.php?rest_route=\/wp\/v2\/users\/1"}],"replies":[{"embeddable":true,"href":"https:\/\/cadencedudesert.com\/index.php?rest_route=%2Fwp%2Fv2%2Fcomments&post=743"}],"version-history":[{"count":11,"href":"https:\/\/cadencedudesert.com\/index.php?rest_route=\/wp\/v2\/pages\/743\/revisions"}],"predecessor-version":[{"id":2275,"href":"https:\/\/cadencedudesert.com\/index.php?rest_route=\/wp\/v2\/pages\/743\/revisions\/2275"}],"wp:attachment":[{"href":"https:\/\/cadencedudesert.com\/index.php?rest_route=%2Fwp%2Fv2%2Fmedia&parent=743"}],"curies":[{"name":"wp","href":"https:\/\/api.w.org\/{rel}","templated":true}]}}