{"id":770,"date":"2023-10-17T17:31:26","date_gmt":"2023-10-17T15:31:26","guid":{"rendered":"https:\/\/cadencedudesert.wordpress.com\/?page_id=770"},"modified":"2025-10-12T15:41:17","modified_gmt":"2025-10-12T13:41:17","slug":"conditions-de-vente","status":"publish","type":"page","link":"https:\/\/cadencedudesert.com\/?page_id=770","title":{"rendered":"Conditions de vente"},"content":{"rendered":"\n<p class=\"has-medium-brown-color has-text-color has-link-color wp-elements-a9509c35f04c178f295d063bc68042a7\" style=\"font-size:14px\"><strong>R\u00e9servation <\/strong>: Pour effectuer votre r\u00e9servation, rien de plus simple : envoyez nous un mail, via notre formulaire de contact. Nous vous contacterons dans les plus brefs d\u00e9lais pour valider ensemble votre demande.<\/p>\n\n\n\n<p class=\"has-medium-brown-color has-text-color has-link-color wp-elements-6026a13d9ab380a3606206a3d77c4e3c\" style=\"font-size:14px\"><strong>Confirmation de votre r\u00e9servation :<\/strong> Les r\u00e9servations sont valid\u00e9es d\u00e8s r\u00e9ception d&#8217;un acompte de 30% du prix du s\u00e9jour, par virement bancaire sur un compte marocain (les frais de banque et de change sont \u00e0 la charge de l\u2019\u00e9metteur). Le solde sera \u00e0 r\u00e9gler avant votre d\u00e9part en trek, soit \u00e0 l\u2019arriv\u00e9e au bivouac fixe en esp\u00e8ces (dirhams ou euros) soit par virement bancaire sur un compte marocain (les frais de banque et de change sont \u00e0 la charge de l\u2019\u00e9metteur).<\/p>\n\n\n\n<p class=\"has-medium-brown-color has-text-color has-link-color wp-elements-72ba1c0f7c67e306c18523c80faefb47\" style=\"font-size:14px\"><strong>D\u00e9parts assur\u00e9s :<\/strong> Nos d\u00e9parts sont garantis \u00e0 partir de 2 personnes et nos groupes ne d\u00e9passent pas 12 personnes maximum.<\/p>\n\n\n\n<p class=\"has-medium-brown-color has-text-color has-link-color wp-elements-0a891f1a0b5968e28fb7f2dfabe57b2c\" style=\"font-size:14px\"><strong>Les d\u00e9parts peuvent se faire :<\/strong> En groupe priv\u00e9 ou semi priv\u00e9 qui r\u00e9unit d&#8217;autres personnes. Dans un groupe priv\u00e9, vous nous informez de la privatisation du voyage pour votre groupe exclusivement. Un transport priv\u00e9 est r\u00e9serv\u00e9 pour le groupe constitu\u00e9 sur un d\u00e9part et s&#8217;arr\u00eate \u00e0 diff\u00e9rents points de vue sur la route pour profiter du trajet.<\/p>\n\n\n\n<p class=\"has-medium-brown-color has-text-color has-link-color wp-elements-de334eb880973f20128c51ef91768932\" style=\"font-size:14px\"><strong>Annulation de votre s\u00e9jour :<\/strong> En cas d&#8217;annulation du trek, nous vous remercions de nous pr\u00e9venir au plus t\u00f4t. Une r\u00e9servation est annulable et remboursable selon le d\u00e9lai d&#8217;annulation.<\/p>\n\n\n\n<ul class=\"wp-block-list has-medium-brown-color has-text-color has-link-color has-small-font-size wp-elements-15c0a56f51a31277c1055591c61fdba1\">\n<li style=\"font-size:14px\">jusqu&#8217;\u00e0 21 jours avant le d\u00e9part : une annulation est gratuite et donne lieu \u00e0 un remboursement int\u00e9gral ou l\u2019acompte vers\u00e9 n\u2019est pas rembours\u00e9 mais pourra, en revanche, \u00eatre utilisable pour un autre s\u00e9jour.<\/li>\n\n\n\n<li style=\"font-size:14px\">moins de 21 jours avant le d\u00e9part : une retenue de 30% sera appliqu\u00e9e<\/li>\n\n\n\n<li style=\"font-size:14px\">moins de 7 jours avant le d\u00e9part : une retenue de 50% sera appliqu\u00e9e<\/li>\n\n\n\n<li style=\"font-size:14px\">moins de 48h avant le d\u00e9part : la totalit\u00e9 de la somme est d\u00fbe<\/li>\n<\/ul>\n\n\n\n<p class=\"has-medium-brown-color has-text-color has-link-color wp-elements-51447e5ba5534293bb58cf00e6813e41\" style=\"font-size:14px\"><strong>Rapatriement durant le s\u00e9jour&nbsp;: <\/strong>Un rapatriement payant depuis le d\u00e9sert jusqu&#8217;au village est possible \u00e0 n&#8217;importe quel moment du trek. Ce dernier a lieu en 4&#215;4 et sera \u00e0 la charge du demandeur pour un tarif de 100\u20ac.<\/p>\n\n\n\n<h2 class=\"wp-block-heading has-medium-brown-color has-text-color has-link-color wp-elements-ecbae4b33c0e1637cca09a9816284823\">Tarifs<\/h2>\n\n\n\n<ul class=\"wp-block-list has-medium-brown-color has-text-color has-link-color has-small-font-size wp-elements-b39b53f1f96f1c22529ad199f49a2e1d\">\n<li style=\"font-size:14px\">Le tarif enfant s\u2019applique aux enfants \u00e2g\u00e9s de moins de 12 ans au premier jour du s\u00e9jour.<\/li>\n\n\n\n<li style=\"font-size:14px\">Le s\u00e9jour est gratuit pour les enfants de moins de 2 ans (dans la limite d\u2019un enfant par famille)<\/li>\n\n\n\n<li style=\"font-size:14px\">Les tarifs des s\u00e9jours sont indiqu\u00e9s via les liens de chaque trek. Ils sont indiqu\u00e9s par personne.<\/li>\n\n\n\n<li style=\"font-size:14px\">Les boissons autres que celles pr\u00e9vues dans les repas, les frais d\u2019acc\u00e8s aux sites touristiques, les activit\u00e9s suppl\u00e9mentaires ainsi que les pourboires ne sont pas compris dans le tarif. Il est d\u2019usage de laisser un pourboire (10%) pour tous les services et au restaurant.<\/li>\n\n\n\n<li style=\"font-size:14px\">Pour les s\u00e9jours au-del\u00e0 de 4 personnes, cadence du d\u00e9sert pourra vous proposer un tarif de groupe<\/li>\n\n\n\n<li style=\"font-size:14px\">Le programme est susceptible d\u2019\u00eatre modifi\u00e9 et adapt\u00e9 en fonction des conditions m\u00e9t\u00e9orologiques. Ces modifications ne pourront donner lieu \u00e0 un remboursement.<\/li>\n<\/ul>\n\n\n\n<p class=\"has-medium-brown-color has-text-color\" style=\"font-size:15px\">A votre disposition pour plus d&#8217;information : cadencedudesert@gmail.com ou sur notre page contact<\/p>\n","protected":false},"excerpt":{"rendered":"<p>R\u00e9servation : Pour effectuer votre r\u00e9servation, rien de plus simple : envoyez nous un mail, via notre formulaire de contact. Nous vous contacterons dans les plus brefs d\u00e9lais pour valider ensemble votre demande. Confirmation de votre r\u00e9servation : Les r\u00e9servations sont valid\u00e9es d\u00e8s r\u00e9ception d&#8217;un acompte de 30% du prix du s\u00e9jour, par virement bancaire &hellip; <a href=\"https:\/\/cadencedudesert.com\/?page_id=770\" class=\"more-link\">Continue reading<span class=\"screen-reader-text\"> &#8220;Conditions de vente&#8221;<\/span><\/a><\/p>\n","protected":false},"author":1,"featured_media":0,"parent":0,"menu_order":0,"comment_status":"closed","ping_status":"closed","template":"","meta":{"footnotes":""},"class_list":["post-770","page","type-page","status-publish","hentry"],"aioseo_notices":[],"_links":{"self":[{"href":"https:\/\/cadencedudesert.com\/index.php?rest_route=\/wp\/v2\/pages\/770","targetHints":{"allow":["GET"]}}],"collection":[{"href":"https:\/\/cadencedudesert.com\/index.php?rest_route=\/wp\/v2\/pages"}],"about":[{"href":"https:\/\/cadencedudesert.com\/index.php?rest_route=\/wp\/v2\/types\/page"}],"author":[{"embeddable":true,"href":"https:\/\/cadencedudesert.com\/index.php?rest_route=\/wp\/v2\/users\/1"}],"replies":[{"embeddable":true,"href":"https:\/\/cadencedudesert.com\/index.php?rest_route=%2Fwp%2Fv2%2Fcomments&post=770"}],"version-history":[{"count":9,"href":"https:\/\/cadencedudesert.com\/index.php?rest_route=\/wp\/v2\/pages\/770\/revisions"}],"predecessor-version":[{"id":2278,"href":"https:\/\/cadencedudesert.com\/index.php?rest_route=\/wp\/v2\/pages\/770\/revisions\/2278"}],"wp:attachment":[{"href":"https:\/\/cadencedudesert.com\/index.php?rest_route=%2Fwp%2Fv2%2Fmedia&parent=770"}],"curies":[{"name":"wp","href":"https:\/\/api.w.org\/{rel}","templated":true}]}}