{"id":804,"date":"2023-10-20T17:19:59","date_gmt":"2023-10-20T15:19:59","guid":{"rendered":"https:\/\/cadencedudesert.wordpress.com\/?page_id=804"},"modified":"2024-02-18T13:28:35","modified_gmt":"2024-02-18T12:28:35","slug":"en-pratique","status":"publish","type":"page","link":"https:\/\/cadencedudesert.com\/?page_id=804","title":{"rendered":"En pratique"},"content":{"rendered":"\n<figure class=\"wp-block-gallery has-nested-images columns-default is-cropped wp-block-gallery-1 is-layout-flex wp-block-gallery-is-layout-flex\">\n<figure class=\"wp-block-image size-large\"><img loading=\"lazy\" decoding=\"async\" width=\"1024\" height=\"576\" data-id=\"1283\" src=\"http:\/\/cadencedudesert.com\/wp-content\/uploads\/2023\/12\/IMG-20231215-WA0195-1024x576.jpg\" alt=\"\" class=\"wp-image-1283\" srcset=\"https:\/\/cadencedudesert.com\/wp-content\/uploads\/2023\/12\/IMG-20231215-WA0195-1024x576.jpg 1024w, https:\/\/cadencedudesert.com\/wp-content\/uploads\/2023\/12\/IMG-20231215-WA0195-300x169.jpg 300w, https:\/\/cadencedudesert.com\/wp-content\/uploads\/2023\/12\/IMG-20231215-WA0195-768x432.jpg 768w, https:\/\/cadencedudesert.com\/wp-content\/uploads\/2023\/12\/IMG-20231215-WA0195-1536x864.jpg 1536w, https:\/\/cadencedudesert.com\/wp-content\/uploads\/2023\/12\/IMG-20231215-WA0195-1200x675.jpg 1200w, https:\/\/cadencedudesert.com\/wp-content\/uploads\/2023\/12\/IMG-20231215-WA0195.jpg 2048w\" sizes=\"auto, (max-width: 709px) 85vw, (max-width: 909px) 67vw, (max-width: 1362px) 62vw, 840px\" \/><\/figure>\n<\/figure>\n\n\n\n<div class=\"wp-block-columns are-vertically-aligned-top is-layout-flex wp-container-core-columns-is-layout-9d6595d7 wp-block-columns-is-layout-flex\">\n<div class=\"wp-block-column is-vertically-aligned-top is-layout-flow wp-block-column-is-layout-flow\">\n<div class=\"wp-block-file\"><a id=\"wp-block-file--media-af4d9392-c4dc-4e4d-be5c-9748a72d49b6\" href=\"https:\/\/cadencedudesert.com\/wp-content\/uploads\/2024\/02\/Guide-de-voyage.pdf\">Guide-de-voyage<\/a><\/div>\n\n\n\n<p class=\"has-medium-brown-color has-text-color\" style=\"font-size:18px\">Formalit\u00e9s, Sant\u00e9, Change<\/p>\n<\/div>\n\n\n\n<div class=\"wp-block-column is-vertically-aligned-top is-layout-flow wp-block-column-is-layout-flow\">\n<figure class=\"wp-block-image size-large\"><img loading=\"lazy\" decoding=\"async\" width=\"1024\" height=\"754\" src=\"https:\/\/cadencedudesert.com\/wp-content\/uploads\/2023\/11\/IMG-20230621-WA0018-1024x754.jpg\" alt=\"\" class=\"wp-image-1015\" srcset=\"https:\/\/cadencedudesert.com\/wp-content\/uploads\/2023\/11\/IMG-20230621-WA0018-1024x754.jpg 1024w, https:\/\/cadencedudesert.com\/wp-content\/uploads\/2023\/11\/IMG-20230621-WA0018-300x221.jpg 300w, https:\/\/cadencedudesert.com\/wp-content\/uploads\/2023\/11\/IMG-20230621-WA0018-768x565.jpg 768w, https:\/\/cadencedudesert.com\/wp-content\/uploads\/2023\/11\/IMG-20230621-WA0018-1200x883.jpg 1200w, https:\/\/cadencedudesert.com\/wp-content\/uploads\/2023\/11\/IMG-20230621-WA0018.jpg 1280w\" sizes=\"auto, (max-width: 709px) 85vw, (max-width: 909px) 67vw, (max-width: 1362px) 62vw, 840px\" \/><\/figure>\n<\/div>\n<\/div>\n\n\n\n<div class=\"wp-block-columns is-layout-flex wp-container-core-columns-is-layout-9d6595d7 wp-block-columns-is-layout-flex\">\n<div class=\"wp-block-column is-layout-flow wp-block-column-is-layout-flow\">\n<div class=\"wp-block-file\"><a id=\"wp-block-file--media-10caacee-e00e-47ec-92d0-4be54d9ec3b0\" href=\"https:\/\/cadencedudesert.com\/wp-content\/uploads\/2023\/12\/Equipement-1.pdf\" target=\"_blank\" rel=\"noreferrer noopener\">Equipement<\/a><\/div>\n\n\n\n<p class=\"has-medium-brown-color has-text-color\" style=\"font-size:18px\">Quel \u00e9quipement avez-vous besoin<\/p>\n<\/div>\n\n\n\n<div class=\"wp-block-column is-layout-flow wp-block-column-is-layout-flow\">\n<figure class=\"wp-block-image size-large\"><img loading=\"lazy\" decoding=\"async\" width=\"1024\" height=\"771\" src=\"https:\/\/cadencedudesert.com\/wp-content\/uploads\/2023\/11\/IMG-20231105-WA0025-1024x771.jpg\" alt=\"\" class=\"wp-image-1017\" srcset=\"https:\/\/cadencedudesert.com\/wp-content\/uploads\/2023\/11\/IMG-20231105-WA0025-1024x771.jpg 1024w, https:\/\/cadencedudesert.com\/wp-content\/uploads\/2023\/11\/IMG-20231105-WA0025-300x226.jpg 300w, https:\/\/cadencedudesert.com\/wp-content\/uploads\/2023\/11\/IMG-20231105-WA0025-768x578.jpg 768w, https:\/\/cadencedudesert.com\/wp-content\/uploads\/2023\/11\/IMG-20231105-WA0025-1536x1157.jpg 1536w, https:\/\/cadencedudesert.com\/wp-content\/uploads\/2023\/11\/IMG-20231105-WA0025-1200x904.jpg 1200w, https:\/\/cadencedudesert.com\/wp-content\/uploads\/2023\/11\/IMG-20231105-WA0025.jpg 2040w\" sizes=\"auto, (max-width: 709px) 85vw, (max-width: 909px) 67vw, (max-width: 1362px) 62vw, 840px\" \/><\/figure>\n<\/div>\n<\/div>\n\n\n\n<div class=\"wp-block-columns is-layout-flex wp-container-core-columns-is-layout-9d6595d7 wp-block-columns-is-layout-flex\">\n<div class=\"wp-block-column is-layout-flow wp-block-column-is-layout-flow\">\n<div class=\"wp-block-file\"><a id=\"wp-block-file--media-eb76d99d-cdde-48d8-bb52-9c25410803fe\" href=\"https:\/\/cadencedudesert.com\/wp-content\/uploads\/2023\/12\/Conseils.pdf\" target=\"_blank\" rel=\"noreferrer noopener\">Conseils<\/a><\/div>\n\n\n\n<p class=\"has-medium-brown-color has-text-color\" style=\"font-size:18px\">S\u00e9curit\u00e9, tous nos bon conseils<\/p>\n<\/div>\n\n\n\n<div class=\"wp-block-column is-layout-flow wp-block-column-is-layout-flow\">\n<figure class=\"wp-block-image size-large\"><img loading=\"lazy\" decoding=\"async\" width=\"1024\" height=\"576\" src=\"https:\/\/cadencedudesert.com\/wp-content\/uploads\/2023\/11\/IMG-20230624-WA0009-1024x576.jpg\" alt=\"\" class=\"wp-image-1020\" srcset=\"https:\/\/cadencedudesert.com\/wp-content\/uploads\/2023\/11\/IMG-20230624-WA0009-1024x576.jpg 1024w, https:\/\/cadencedudesert.com\/wp-content\/uploads\/2023\/11\/IMG-20230624-WA0009-300x169.jpg 300w, https:\/\/cadencedudesert.com\/wp-content\/uploads\/2023\/11\/IMG-20230624-WA0009-768x432.jpg 768w, https:\/\/cadencedudesert.com\/wp-content\/uploads\/2023\/11\/IMG-20230624-WA0009-1536x864.jpg 1536w, https:\/\/cadencedudesert.com\/wp-content\/uploads\/2023\/11\/IMG-20230624-WA0009-1200x675.jpg 1200w, https:\/\/cadencedudesert.com\/wp-content\/uploads\/2023\/11\/IMG-20230624-WA0009.jpg 2048w\" sizes=\"auto, (max-width: 709px) 85vw, (max-width: 909px) 67vw, (max-width: 1362px) 62vw, 840px\" \/><\/figure>\n<\/div>\n<\/div>\n","protected":false},"excerpt":{"rendered":"<p>Formalit\u00e9s, Sant\u00e9, Change Quel \u00e9quipement avez-vous besoin S\u00e9curit\u00e9, tous nos bon conseils<\/p>\n","protected":false},"author":1,"featured_media":0,"parent":0,"menu_order":0,"comment_status":"closed","ping_status":"closed","template":"","meta":{"footnotes":""},"class_list":["post-804","page","type-page","status-publish","hentry"],"aioseo_notices":[],"_links":{"self":[{"href":"https:\/\/cadencedudesert.com\/index.php?rest_route=\/wp\/v2\/pages\/804","targetHints":{"allow":["GET"]}}],"collection":[{"href":"https:\/\/cadencedudesert.com\/index.php?rest_route=\/wp\/v2\/pages"}],"about":[{"href":"https:\/\/cadencedudesert.com\/index.php?rest_route=\/wp\/v2\/types\/page"}],"author":[{"embeddable":true,"href":"https:\/\/cadencedudesert.com\/index.php?rest_route=\/wp\/v2\/users\/1"}],"replies":[{"embeddable":true,"href":"https:\/\/cadencedudesert.com\/index.php?rest_route=%2Fwp%2Fv2%2Fcomments&post=804"}],"version-history":[{"count":11,"href":"https:\/\/cadencedudesert.com\/index.php?rest_route=\/wp\/v2\/pages\/804\/revisions"}],"predecessor-version":[{"id":1664,"href":"https:\/\/cadencedudesert.com\/index.php?rest_route=\/wp\/v2\/pages\/804\/revisions\/1664"}],"wp:attachment":[{"href":"https:\/\/cadencedudesert.com\/index.php?rest_route=%2Fwp%2Fv2%2Fmedia&parent=804"}],"curies":[{"name":"wp","href":"https:\/\/api.w.org\/{rel}","templated":true}]}}